{"id":886,"date":"2020-06-05T14:40:06","date_gmt":"2020-06-05T12:40:06","guid":{"rendered":"https:\/\/www.libra-avocats.com\/el-equipo\/ines-amar\/"},"modified":"2020-06-08T16:12:21","modified_gmt":"2020-06-08T14:12:21","slug":"ines-amar","status":"publish","type":"page","link":"https:\/\/www.libra-avocats.com\/es\/el-equipo\/ines-amar\/","title":{"rendered":"In\u00e8s Amar"},"content":{"rendered":"\n<p class=\"has-text-align-center accroche\">Abogada<\/p>\n\n<div class=\"wp-block-group button-container\"><div class=\"wp-block-group__inner-container is-layout-flow wp-block-group-is-layout-flow\">\n<div class=\"wp-block-button phone\"><a class=\"wp-block-button__link\" href=\"tel:+33142840707\">Llamar a In\u00e8s<\/a><\/div>\n\n\n\n<div class=\"wp-block-button mail\"><a class=\"wp-block-button__link\" href=\"mailto:iamar@libra-avocats.com\">Escribir a In\u00e8s<\/a><\/div>\n<\/div><\/div>\n\n<p>In\u00e8s Amar es titular de un doble grado y de un master en derecho franc\u00e9s y anglo-americano de la Universidad Paris X Nanterre, con <strong>especializaci\u00f3n en derecho internacional<\/strong> focalizado en derecho internacional privado y derecho comparado. Es igualmente titular de un M\u00e1ster (LL.M.) de la Universidad de Chicago, curso durante el cual estudi\u00f3 el derecho de familia americano.<\/p>\n\n<p>A su vuelta de Estados Unidos, adquiri\u00f3 experiencia en el <strong>contencioso en materia familiar tanto a nivel nacional como internacional<\/strong>. Ha efectuado estudios en derecho comparado e investigaci\u00f3n en derecho internacional en el gabinete del Juez H. Melcer en el seno de la Corte Suprema israel\u00ed en Jerusal\u00e9n. Durante esta experiencia, se ha familiarizado con el sistema judicial israel\u00ed, as\u00ed como con \u00e1mbitos variados del derecho, como por ejemplo el derecho p\u00fablico.<\/p>\n\n<p>In\u00e8s Amar es abogada en Nueva York y ha sido admitida como abogada en Par\u00eds. <\/p>\n\n<p>Integr\u00f3 Libra Avocats como practicante en enero de 2019 y como asociada en 2020. Ha desarrollado una comprensi\u00f3n muy fina del derecho de la familia internacional, as\u00ed como la articulaci\u00f3n de varios procedimientos, en un mismo caso, ante jurisdicciones en Francia y en el extranjero. Hoy desarrolla su pericia en <strong>derecho internacional de la familia<\/strong>, tanto en divorcios internacionales (amistosos o contenciosos), o en procedimientos sobre menores en un contexto de separaci\u00f3n de los padres. Tambi\u00e9n ha desarrollado experiencia en <strong>contenciosos en materia de sucesiones<\/strong>, en particular en un contexto internacional.<\/p>\n","protected":false},"excerpt":{"rendered":"<p>Abogada In\u00e8s Amar es titular de un doble grado y de un master en derecho franc\u00e9s y anglo-americano de la Universidad Paris X Nanterre, con especializaci\u00f3n en derecho internacional focalizado &#8230;<\/p>\n","protected":false},"author":1,"featured_media":901,"parent":524,"menu_order":0,"comment_status":"closed","ping_status":"closed","template":"","meta":{"_acf_changed":false,"footnotes":""},"class_list":["post-886","page","type-page","status-publish","has-post-thumbnail","hentry"],"acf":[],"yoast_head":"<!-- This site is optimized with the Yoast SEO plugin v27.3 - https:\/\/yoast.com\/product\/yoast-seo-wordpress\/ -->\n<title>In\u00e8s Amar - Libra Avocats<\/title>\n<meta name=\"robots\" content=\"index, follow, max-snippet:-1, max-image-preview:large, max-video-preview:-1\" \/>\n<link rel=\"canonical\" href=\"https:\/\/www.libra-avocats.com\/es\/el-equipo\/ines-amar\/\" \/>\n<meta property=\"og:locale\" content=\"es_ES\" \/>\n<meta property=\"og:type\" content=\"article\" \/>\n<meta property=\"og:title\" content=\"In\u00e8s Amar - Libra Avocats\" \/>\n<meta property=\"og:description\" content=\"Abogada In\u00e8s Amar es titular de un doble grado y de un master en derecho franc\u00e9s y anglo-americano de la Universidad Paris X Nanterre, con especializaci\u00f3n en derecho internacional focalizado ...\" \/>\n<meta property=\"og:url\" content=\"https:\/\/www.libra-avocats.com\/es\/el-equipo\/ines-amar\/\" \/>\n<meta property=\"og:site_name\" content=\"Libra Avocats\" \/>\n<meta property=\"article:modified_time\" content=\"2020-06-08T14:12:21+00:00\" \/>\n<meta property=\"og:image\" content=\"https:\/\/www.libra-avocats.com\/wp-content\/uploads\/2020\/06\/banner_ines3.jpg\" \/>\n\t<meta property=\"og:image:width\" content=\"1920\" \/>\n\t<meta property=\"og:image:height\" content=\"499\" \/>\n\t<meta property=\"og:image:type\" content=\"image\/jpeg\" \/>\n<meta name=\"twitter:card\" content=\"summary_large_image\" \/>\n<meta name=\"twitter:label1\" content=\"Tiempo de lectura\" \/>\n\t<meta name=\"twitter:data1\" content=\"1 minuto\" \/>\n<script type=\"application\/ld+json\" class=\"yoast-schema-graph\">{\"@context\":\"https:\\\/\\\/schema.org\",\"@graph\":[{\"@type\":\"WebPage\",\"@id\":\"https:\\\/\\\/www.libra-avocats.com\\\/es\\\/el-equipo\\\/ines-amar\\\/\",\"url\":\"https:\\\/\\\/www.libra-avocats.com\\\/es\\\/el-equipo\\\/ines-amar\\\/\",\"name\":\"In\u00e8s Amar - Libra Avocats\",\"isPartOf\":{\"@id\":\"https:\\\/\\\/www.libra-avocats.com\\\/es\\\/#website\"},\"primaryImageOfPage\":{\"@id\":\"https:\\\/\\\/www.libra-avocats.com\\\/es\\\/el-equipo\\\/ines-amar\\\/#primaryimage\"},\"image\":{\"@id\":\"https:\\\/\\\/www.libra-avocats.com\\\/es\\\/el-equipo\\\/ines-amar\\\/#primaryimage\"},\"thumbnailUrl\":\"https:\\\/\\\/www.libra-avocats.com\\\/wp-content\\\/uploads\\\/2020\\\/06\\\/banner_ines3.jpg\",\"datePublished\":\"2020-06-05T12:40:06+00:00\",\"dateModified\":\"2020-06-08T14:12:21+00:00\",\"breadcrumb\":{\"@id\":\"https:\\\/\\\/www.libra-avocats.com\\\/es\\\/el-equipo\\\/ines-amar\\\/#breadcrumb\"},\"inLanguage\":\"es\",\"potentialAction\":[{\"@type\":\"ReadAction\",\"target\":[\"https:\\\/\\\/www.libra-avocats.com\\\/es\\\/el-equipo\\\/ines-amar\\\/\"]}]},{\"@type\":\"ImageObject\",\"inLanguage\":\"es\",\"@id\":\"https:\\\/\\\/www.libra-avocats.com\\\/es\\\/el-equipo\\\/ines-amar\\\/#primaryimage\",\"url\":\"https:\\\/\\\/www.libra-avocats.com\\\/wp-content\\\/uploads\\\/2020\\\/06\\\/banner_ines3.jpg\",\"contentUrl\":\"https:\\\/\\\/www.libra-avocats.com\\\/wp-content\\\/uploads\\\/2020\\\/06\\\/banner_ines3.jpg\",\"width\":1920,\"height\":499,\"caption\":\"In\u00e8s Amar\"},{\"@type\":\"BreadcrumbList\",\"@id\":\"https:\\\/\\\/www.libra-avocats.com\\\/es\\\/el-equipo\\\/ines-amar\\\/#breadcrumb\",\"itemListElement\":[{\"@type\":\"ListItem\",\"position\":1,\"name\":\"Accueil\",\"item\":\"https:\\\/\\\/www.libra-avocats.com\\\/es\\\/\"},{\"@type\":\"ListItem\",\"position\":2,\"name\":\"El equipo\",\"item\":\"https:\\\/\\\/www.libra-avocats.com\\\/es\\\/el-equipo\\\/\"},{\"@type\":\"ListItem\",\"position\":3,\"name\":\"In\u00e8s Amar\"}]},{\"@type\":\"WebSite\",\"@id\":\"https:\\\/\\\/www.libra-avocats.com\\\/es\\\/#website\",\"url\":\"https:\\\/\\\/www.libra-avocats.com\\\/es\\\/\",\"name\":\"Libra Avocats\",\"description\":\"Cabinets d&#039;avocats\",\"publisher\":{\"@id\":\"https:\\\/\\\/www.libra-avocats.com\\\/es\\\/#organization\"},\"potentialAction\":[{\"@type\":\"SearchAction\",\"target\":{\"@type\":\"EntryPoint\",\"urlTemplate\":\"https:\\\/\\\/www.libra-avocats.com\\\/es\\\/?s={search_term_string}\"},\"query-input\":{\"@type\":\"PropertyValueSpecification\",\"valueRequired\":true,\"valueName\":\"search_term_string\"}}],\"inLanguage\":\"es\"},{\"@type\":\"Organization\",\"@id\":\"https:\\\/\\\/www.libra-avocats.com\\\/es\\\/#organization\",\"name\":\"Libra Avocats\",\"url\":\"https:\\\/\\\/www.libra-avocats.com\\\/es\\\/\",\"logo\":{\"@type\":\"ImageObject\",\"inLanguage\":\"es\",\"@id\":\"https:\\\/\\\/www.libra-avocats.com\\\/es\\\/#\\\/schema\\\/logo\\\/image\\\/\",\"url\":\"https:\\\/\\\/www.libra-avocats.com\\\/wp-content\\\/uploads\\\/2020\\\/02\\\/logo_bottom.png\",\"contentUrl\":\"https:\\\/\\\/www.libra-avocats.com\\\/wp-content\\\/uploads\\\/2020\\\/02\\\/logo_bottom.png\",\"width\":144,\"height\":43,\"caption\":\"Libra Avocats\"},\"image\":{\"@id\":\"https:\\\/\\\/www.libra-avocats.com\\\/es\\\/#\\\/schema\\\/logo\\\/image\\\/\"}}]}<\/script>\n<!-- \/ Yoast SEO plugin. -->","yoast_head_json":{"title":"In\u00e8s Amar - Libra Avocats","robots":{"index":"index","follow":"follow","max-snippet":"max-snippet:-1","max-image-preview":"max-image-preview:large","max-video-preview":"max-video-preview:-1"},"canonical":"https:\/\/www.libra-avocats.com\/es\/el-equipo\/ines-amar\/","og_locale":"es_ES","og_type":"article","og_title":"In\u00e8s Amar - Libra Avocats","og_description":"Abogada In\u00e8s Amar es titular de un doble grado y de un master en derecho franc\u00e9s y anglo-americano de la Universidad Paris X Nanterre, con especializaci\u00f3n en derecho internacional focalizado ...","og_url":"https:\/\/www.libra-avocats.com\/es\/el-equipo\/ines-amar\/","og_site_name":"Libra Avocats","article_modified_time":"2020-06-08T14:12:21+00:00","og_image":[{"width":1920,"height":499,"url":"https:\/\/www.libra-avocats.com\/wp-content\/uploads\/2020\/06\/banner_ines3.jpg","type":"image\/jpeg"}],"twitter_card":"summary_large_image","twitter_misc":{"Tiempo de lectura":"1 minuto"},"schema":{"@context":"https:\/\/schema.org","@graph":[{"@type":"WebPage","@id":"https:\/\/www.libra-avocats.com\/es\/el-equipo\/ines-amar\/","url":"https:\/\/www.libra-avocats.com\/es\/el-equipo\/ines-amar\/","name":"In\u00e8s Amar - Libra Avocats","isPartOf":{"@id":"https:\/\/www.libra-avocats.com\/es\/#website"},"primaryImageOfPage":{"@id":"https:\/\/www.libra-avocats.com\/es\/el-equipo\/ines-amar\/#primaryimage"},"image":{"@id":"https:\/\/www.libra-avocats.com\/es\/el-equipo\/ines-amar\/#primaryimage"},"thumbnailUrl":"https:\/\/www.libra-avocats.com\/wp-content\/uploads\/2020\/06\/banner_ines3.jpg","datePublished":"2020-06-05T12:40:06+00:00","dateModified":"2020-06-08T14:12:21+00:00","breadcrumb":{"@id":"https:\/\/www.libra-avocats.com\/es\/el-equipo\/ines-amar\/#breadcrumb"},"inLanguage":"es","potentialAction":[{"@type":"ReadAction","target":["https:\/\/www.libra-avocats.com\/es\/el-equipo\/ines-amar\/"]}]},{"@type":"ImageObject","inLanguage":"es","@id":"https:\/\/www.libra-avocats.com\/es\/el-equipo\/ines-amar\/#primaryimage","url":"https:\/\/www.libra-avocats.com\/wp-content\/uploads\/2020\/06\/banner_ines3.jpg","contentUrl":"https:\/\/www.libra-avocats.com\/wp-content\/uploads\/2020\/06\/banner_ines3.jpg","width":1920,"height":499,"caption":"In\u00e8s Amar"},{"@type":"BreadcrumbList","@id":"https:\/\/www.libra-avocats.com\/es\/el-equipo\/ines-amar\/#breadcrumb","itemListElement":[{"@type":"ListItem","position":1,"name":"Accueil","item":"https:\/\/www.libra-avocats.com\/es\/"},{"@type":"ListItem","position":2,"name":"El equipo","item":"https:\/\/www.libra-avocats.com\/es\/el-equipo\/"},{"@type":"ListItem","position":3,"name":"In\u00e8s Amar"}]},{"@type":"WebSite","@id":"https:\/\/www.libra-avocats.com\/es\/#website","url":"https:\/\/www.libra-avocats.com\/es\/","name":"Libra Avocats","description":"Cabinets d&#039;avocats","publisher":{"@id":"https:\/\/www.libra-avocats.com\/es\/#organization"},"potentialAction":[{"@type":"SearchAction","target":{"@type":"EntryPoint","urlTemplate":"https:\/\/www.libra-avocats.com\/es\/?s={search_term_string}"},"query-input":{"@type":"PropertyValueSpecification","valueRequired":true,"valueName":"search_term_string"}}],"inLanguage":"es"},{"@type":"Organization","@id":"https:\/\/www.libra-avocats.com\/es\/#organization","name":"Libra Avocats","url":"https:\/\/www.libra-avocats.com\/es\/","logo":{"@type":"ImageObject","inLanguage":"es","@id":"https:\/\/www.libra-avocats.com\/es\/#\/schema\/logo\/image\/","url":"https:\/\/www.libra-avocats.com\/wp-content\/uploads\/2020\/02\/logo_bottom.png","contentUrl":"https:\/\/www.libra-avocats.com\/wp-content\/uploads\/2020\/02\/logo_bottom.png","width":144,"height":43,"caption":"Libra Avocats"},"image":{"@id":"https:\/\/www.libra-avocats.com\/es\/#\/schema\/logo\/image\/"}}]}},"_links":{"self":[{"href":"https:\/\/www.libra-avocats.com\/es\/wp-json\/wp\/v2\/pages\/886","targetHints":{"allow":["GET"]}}],"collection":[{"href":"https:\/\/www.libra-avocats.com\/es\/wp-json\/wp\/v2\/pages"}],"about":[{"href":"https:\/\/www.libra-avocats.com\/es\/wp-json\/wp\/v2\/types\/page"}],"author":[{"embeddable":true,"href":"https:\/\/www.libra-avocats.com\/es\/wp-json\/wp\/v2\/users\/1"}],"replies":[{"embeddable":true,"href":"https:\/\/www.libra-avocats.com\/es\/wp-json\/wp\/v2\/comments?post=886"}],"version-history":[{"count":3,"href":"https:\/\/www.libra-avocats.com\/es\/wp-json\/wp\/v2\/pages\/886\/revisions"}],"predecessor-version":[{"id":905,"href":"https:\/\/www.libra-avocats.com\/es\/wp-json\/wp\/v2\/pages\/886\/revisions\/905"}],"up":[{"embeddable":true,"href":"https:\/\/www.libra-avocats.com\/es\/wp-json\/wp\/v2\/pages\/524"}],"wp:featuredmedia":[{"embeddable":true,"href":"https:\/\/www.libra-avocats.com\/es\/wp-json\/wp\/v2\/media\/901"}],"wp:attachment":[{"href":"https:\/\/www.libra-avocats.com\/es\/wp-json\/wp\/v2\/media?parent=886"}],"curies":[{"name":"wp","href":"https:\/\/api.w.org\/{rel}","templated":true}]}}