{"id":508,"date":"2020-02-12T09:53:59","date_gmt":"2020-02-12T08:53:59","guid":{"rendered":"https:\/\/www.libra-avocats.com\/politica-de-proteccion-de-datos\/"},"modified":"2020-05-05T16:53:10","modified_gmt":"2020-05-05T14:53:10","slug":"politica-de-proteccion-de-datos","status":"publish","type":"page","link":"https:\/\/www.libra-avocats.com\/es\/politica-de-proteccion-de-datos\/","title":{"rendered":"Pol\u00edtica de protecci\u00f3n de datos"},"content":{"rendered":"\n<h2 class=\"wp-block-heading\">Introducci\u00f3n<\/h2>\n\n<p>Ante el desarrollo de nuevos instrumentos de comunicaci\u00f3n, es necesario prestar especial atenci\u00f3n a la protecci\u00f3n de la privacidad. Por eso nos comprometemos a respetar la confidencialidad de la informaci\u00f3n personal que recogemos.<\/p>\n\n<h2 class=\"wp-block-heading\">Lexico<\/h2>\n\n<p><strong>Usuario:<\/strong> Usuario de Internet que se conecta, usando el sitio web libra-avocats.com.<\/p>\n\n<p><strong>Informaci\u00f3n personal<\/strong>: \u00abinformaci\u00f3n que permite, en cualquier forma, directa o indirectamente, la identificaci\u00f3n de las personas f\u00edsicas a las que se aplica\u00bb (art\u00edculo 4 de la ley N\u00ba 78-17 de 6 de enero de 1978).<\/p>\n\n<h2 class=\"wp-block-heading\">Utilizaci\u00f3n de los datos personales recogidos<\/h2>\n\n<h3 class=\"wp-block-heading\">Pago de los honorarios en l\u00ednea<\/h3>\n\n<p>En caso de que proceda al pago de nuestros honorarios en l\u00ednea, recuperaremos sus apellidos, nombres y direcci\u00f3n de correo electr\u00f3nico en nuestra p\u00e1gina web. Esto nos permitir\u00e1 proceder a la correcta contabilizaci\u00f3n su pago.  <br\/>Estas informaciones ser\u00e1n tambi\u00e9n transmitidas a Stripe con el fin de registrar la transacci\u00f3n. <a href=\"https:\/\/stripe.com\/au\/privacy#personal-data-definition\" target=\"_blank\" rel=\"noreferrer noopener\"> Leer la pol\u00edtica de confidencialidad de Stripe.<\/a>.<\/p>\n\n<h3 class=\"wp-block-heading\">Seguridad del sitio<\/h3>\n\n<p>El sitio web libra-avocats.com usa Wordfence como su sistema de seguridad. Este plugin lee autom\u00e1ticamente las direcciones IP de los visitantes del sitio, con el objetivo de informar sobre ataques maliciosos contra el sitio web libra-avocats.com y contrarrestarlos si es necesario (espaciando los intentos de conexi\u00f3n, etc.). Esta direcci\u00f3n IP puede enviarse a los servidores de Wordfence, situados en los Estados Unidos, si el comportamiento seguido se ha detectado como malicioso (por ejemplo: la direcci\u00f3n IP sigue un patr\u00f3n t\u00edpicamente utilizado por los piratas inform\u00e1ticos, se han identificado intentos de pirater\u00eda en el sitio, se intenta acceder a la administraci\u00f3n del sitio con un identificador no reconocido, &#8230;).&#13;\n&#13;\nEn caso de uso normal del sitio web libra-avocats.com, su direcci\u00f3n IP no ser\u00e1 transmitida a Wordfence.<\/p>\n\n<p><a href=\"https:\/\/www.wordfence.com\/privacy-policy\/\" target=\"_blank\" rel=\"noreferrer noopener\">Consultar la pol\u00edtica de confidencialidad de Wordfence.<\/a>&#13;\n<a href=\"https:\/\/www.libra-avocats.com\/wp-content\/uploads\/2020\/02\/contrat-wordfence.pdf\" target=\"_blank\" rel=\"noreferrer noopener\" aria-label=\" (s&#x2019;ouvre dans un nouvel onglet)\">Ver el contrato de tratamiento de datos entre Libra Avocats y Wordfence.<\/a><\/p>\n\n<h3 class=\"wp-block-heading\">Contenido incorporado de otros sitios<\/h3>\n\n<p>Los art\u00edculos de este sitio pueden incluir contenido incrustado (por ejemplo, videos, im\u00e1genes, art\u00edculos&#8230;). El contenido incrustado de otros sitios se comporta de la misma manera que si el visitante estuviera visitando ese otro sitio.<\/p>\n\n<p>Estos sitios web pueden recopilar datos sobre usted, utilizar cookies, integrar herramientas de seguimiento de terceros, realizar un seguimiento de sus interacciones con dicho contenido integrado si tiene una cuenta conectada a su sitio web.<\/p>\n\n<h2 class=\"wp-block-heading\">Cookies<\/h2>\n\n<p>Una cookie es un peque\u00f1o archivo de texto que los sitios web guardan en su dispositivo (ordenador, tableta o dispositivo m\u00f3vil) cuando los visita. Permite que estos sitios registren sus acciones y preferencias durante un per\u00edodo de tiempo determinado.<\/p>\n\n<p>El sitio web libra-avocats.com utiliza cookies para mostrar los mapas de Google en la p\u00e1gina de contacto.<\/p>\n\n<p>Las cookies de abajo se pueden configurar cuando se visita el sitio web de Libra Avocats: <\/p>\n\n<figure class=\"wp-block-table\"><table><tbody><tr><td>Nombre<\/td><td>Descripci\u00f3n<\/td><td>Fecha de caducidad<\/td><\/tr><tr><td>1P_JAR, APISID, CONSENT, DV, HSID, NID, OGP, OGPC,   SAPISID, SEARCH_SAMESITE, SID, SIDCC, SSID, __Secure-3PAPISID, __Secure-3PSID,   __Secure-APISID, __Secure-HSID, __Secure-SSID    <\/td><td>Cookies registradas por los dominios .gstatic.com y .google.com.&#13;\nSe pueden depositar al cargar el mapa en la p\u00e1gina de Contacto, s\u00f3lo si se ha iniciado sesi\u00f3n en una cuenta de Google.&#13;\nSe utilizan con fines publicitarios y de selecci\u00f3n de objetivos.&#13;\n<a href=\"https:\/\/policies.google.com\/privacy?hl=fr&amp;gl=fr\" target=\"_blank\" rel=\"noopener noreferrer\">Saber m\u00e1s<\/a><\/td><td>Seg\u00fan cookie<\/td><\/tr><tr><td>tarteaucitron   <\/td><td>Cookie t\u00e9cnica.&#13;\nMemoriza su consentimiento u oposici\u00f3n al dep\u00f3sito de cookies.<\/td><td>1 a\u00f1o<\/td><\/tr><\/tbody><\/table><\/figure>\n\n<h3 class=\"wp-block-heading\">Gesti\u00f3n del consentimiento<\/h3>\n\n<p>Usted puede f\u00e1cilmente consentir u oponerse al dep\u00f3sito de cookies en este sitio. Para consentir la colocaci\u00f3n de cookies, haga clic en el bot\u00f3n \u00ab<strong>Aceptar, aceptar todo<\/strong>\u00bb en el banner de la parte inferior de la pantalla (esto no es visible si ya ha consentido o ha seguido navegando por el sitio). Para cambiar su elecci\u00f3n, utilice el bot\u00f3n \u00ab<strong>Administraci\u00f3n de cookies<\/strong>\u00bb en la parte inferior de la p\u00e1gina.&#13;\nEsto no se aplica a las cookies t\u00e9cnicas, que est\u00e1n exentas de consentimiento.<\/p>\n\n<p>Puede controlar el dep\u00f3sito de todas las cookies como desee. Es posible borrar todas las cookies ya almacenadas en su ordenador y configurar los principales navegadores web para bloquearlas. Sin embargo, en este caso, es posible que usted mismo tenga que indicar ciertas preferencias cada vez que visite un sitio, y que algunos servicios y caracter\u00edsticas no sean accesibles.<\/p>\n\n<p>Puede configurar su ordenador de la siguiente manera para rechazar la instalaci\u00f3n de cookies:<\/p>\n\n<ul class=\"wp-block-list\"><li><strong>En Internet Explorer:<\/strong> pesta\u00f1a de herramientas (icono del engranaje en la esquina superior derecha) \/ opciones de Internet. Haga clic en Confidencialidad, luego en Avanzado y elija \u00abRechazar\u00bb en los dos botones de radio que aparecen. Val\u00eddalo haciendo clic en OK.<\/li><li><strong>En Firefox:<\/strong> en la parte superior de la ventana del navegador, haz clic en el icono del men\u00fa (simbolizado por tres barras), y luego ve a la pesta\u00f1a Opciones. Haz clic en la pesta\u00f1a de privacidad y seguridad. Marque el bot\u00f3n de radio \u00abBloquear cookies y datos del sitio (puede impedir que algunos sitios funcionen)\u00bb.<\/li><li><strong>En Safari<\/strong>: Haga clic en el pictograma del men\u00fa (simbolizado por una rueda dentada) en la parte superior derecha del navegador. Seleccione Preferencias. En la secci\u00f3n \u00abPrivacidad\u00bb, elige el bot\u00f3n \u00abSiempre\u00bb despu\u00e9s de \u00abBloquear Cookies\u00bb.<\/li><li><strong>En Chrome:<\/strong> Haga clic en el icono del men\u00fa en la esquina superior derecha del navegador (simbolizado por un s\u00edmbolo de tres puntos). Seleccione Ajustes. Haz clic en Mostrar configuraci\u00f3n avanzada. En la secci\u00f3n \u00abPrivacidad\u00bb, haga clic en Preferencias. En la pesta\u00f1a \u00abPrivacidad\u00bb, puedes bloquear las cookies.<\/li><\/ul>\n\n<h2 class=\"wp-block-heading\">Derecho de acceso y eliminaci\u00f3n de datos personales<\/h2>\n\n<p>Puede solicitar que se le env\u00ede un archivo que contenga todos los datos personales que tenemos sobre usted, incluyendo los datos que nos ha proporcionado. Tambi\u00e9n puede solicitar la eliminaci\u00f3n de sus datos personales. Esto no incluye los datos almacenados con fines administrativos, legales o de seguridad.<\/p>\n\n<h3 class=\"wp-block-heading\">Informaci\u00f3n de contacto<\/h3>\n\n<p>Puede escribirnos a 5, rue Juliette R\u00e9camier &#8211; 75007 Paris.&#13;\nTambi\u00e9n puede contactarnos por tel\u00e9fono en el 01 42 84 07 07.<\/p>\n\n<h2 class=\"wp-block-heading\">C\u00f3mo protegemos sus datos<\/h2>\n\n<p>Los datos que transitan por el sitio web est\u00e1n asegurados para garantizar su confidencialidad. Nuestro sitio est\u00e1 asegurado gracias al protocolo HTTPS. El acceso al back office del sitio est\u00e1 protegido mediante el uso de contrase\u00f1as complejas. Por \u00faltimo, usamos un plugin de seguridad para proteger sus datos lo mejor posible.<\/p>\n","protected":false},"excerpt":{"rendered":"<p>Introducci\u00f3n Ante el desarrollo de nuevos instrumentos de comunicaci\u00f3n, es necesario prestar especial atenci\u00f3n a la protecci\u00f3n de la privacidad. Por eso nos comprometemos a respetar la confidencialidad de la &#8230;<\/p>\n","protected":false},"author":1,"featured_media":0,"parent":0,"menu_order":0,"comment_status":"closed","ping_status":"open","template":"","meta":{"_acf_changed":false,"footnotes":""},"class_list":["post-508","page","type-page","status-publish","hentry"],"acf":[],"yoast_head":"<!-- This site is optimized with the Yoast SEO plugin v27.3 - https:\/\/yoast.com\/product\/yoast-seo-wordpress\/ -->\n<title>Pol\u00edtica de protecci\u00f3n de datos - Libra Avocats<\/title>\n<meta name=\"robots\" content=\"index, follow, max-snippet:-1, max-image-preview:large, max-video-preview:-1\" \/>\n<link rel=\"canonical\" href=\"https:\/\/www.libra-avocats.com\/es\/politica-de-proteccion-de-datos\/\" \/>\n<meta property=\"og:locale\" content=\"es_ES\" \/>\n<meta property=\"og:type\" content=\"article\" \/>\n<meta property=\"og:title\" content=\"Pol\u00edtica de protecci\u00f3n de datos - Libra Avocats\" \/>\n<meta property=\"og:description\" content=\"Introducci\u00f3n Ante el desarrollo de nuevos instrumentos de comunicaci\u00f3n, es necesario prestar especial atenci\u00f3n a la protecci\u00f3n de la privacidad. Por eso nos comprometemos a respetar la confidencialidad de la ...\" \/>\n<meta property=\"og:url\" content=\"https:\/\/www.libra-avocats.com\/es\/politica-de-proteccion-de-datos\/\" \/>\n<meta property=\"og:site_name\" content=\"Libra Avocats\" \/>\n<meta property=\"article:modified_time\" content=\"2020-05-05T14:53:10+00:00\" \/>\n<meta name=\"twitter:card\" content=\"summary_large_image\" \/>\n<meta name=\"twitter:label1\" content=\"Tiempo de lectura\" \/>\n\t<meta name=\"twitter:data1\" content=\"5 minutos\" \/>\n<script type=\"application\/ld+json\" class=\"yoast-schema-graph\">{\"@context\":\"https:\\\/\\\/schema.org\",\"@graph\":[{\"@type\":\"WebPage\",\"@id\":\"https:\\\/\\\/www.libra-avocats.com\\\/es\\\/politica-de-proteccion-de-datos\\\/\",\"url\":\"https:\\\/\\\/www.libra-avocats.com\\\/es\\\/politica-de-proteccion-de-datos\\\/\",\"name\":\"Pol\u00edtica de protecci\u00f3n de datos - Libra Avocats\",\"isPartOf\":{\"@id\":\"https:\\\/\\\/www.libra-avocats.com\\\/es\\\/#website\"},\"datePublished\":\"2020-02-12T08:53:59+00:00\",\"dateModified\":\"2020-05-05T14:53:10+00:00\",\"breadcrumb\":{\"@id\":\"https:\\\/\\\/www.libra-avocats.com\\\/es\\\/politica-de-proteccion-de-datos\\\/#breadcrumb\"},\"inLanguage\":\"es\",\"potentialAction\":[{\"@type\":\"ReadAction\",\"target\":[\"https:\\\/\\\/www.libra-avocats.com\\\/es\\\/politica-de-proteccion-de-datos\\\/\"]}]},{\"@type\":\"BreadcrumbList\",\"@id\":\"https:\\\/\\\/www.libra-avocats.com\\\/es\\\/politica-de-proteccion-de-datos\\\/#breadcrumb\",\"itemListElement\":[{\"@type\":\"ListItem\",\"position\":1,\"name\":\"Accueil\",\"item\":\"https:\\\/\\\/www.libra-avocats.com\\\/es\\\/\"},{\"@type\":\"ListItem\",\"position\":2,\"name\":\"Pol\u00edtica de protecci\u00f3n de datos\"}]},{\"@type\":\"WebSite\",\"@id\":\"https:\\\/\\\/www.libra-avocats.com\\\/es\\\/#website\",\"url\":\"https:\\\/\\\/www.libra-avocats.com\\\/es\\\/\",\"name\":\"Libra Avocats\",\"description\":\"Cabinets d&#039;avocats\",\"publisher\":{\"@id\":\"https:\\\/\\\/www.libra-avocats.com\\\/es\\\/#organization\"},\"potentialAction\":[{\"@type\":\"SearchAction\",\"target\":{\"@type\":\"EntryPoint\",\"urlTemplate\":\"https:\\\/\\\/www.libra-avocats.com\\\/es\\\/?s={search_term_string}\"},\"query-input\":{\"@type\":\"PropertyValueSpecification\",\"valueRequired\":true,\"valueName\":\"search_term_string\"}}],\"inLanguage\":\"es\"},{\"@type\":\"Organization\",\"@id\":\"https:\\\/\\\/www.libra-avocats.com\\\/es\\\/#organization\",\"name\":\"Libra Avocats\",\"url\":\"https:\\\/\\\/www.libra-avocats.com\\\/es\\\/\",\"logo\":{\"@type\":\"ImageObject\",\"inLanguage\":\"es\",\"@id\":\"https:\\\/\\\/www.libra-avocats.com\\\/es\\\/#\\\/schema\\\/logo\\\/image\\\/\",\"url\":\"https:\\\/\\\/www.libra-avocats.com\\\/wp-content\\\/uploads\\\/2020\\\/02\\\/logo_bottom.png\",\"contentUrl\":\"https:\\\/\\\/www.libra-avocats.com\\\/wp-content\\\/uploads\\\/2020\\\/02\\\/logo_bottom.png\",\"width\":144,\"height\":43,\"caption\":\"Libra Avocats\"},\"image\":{\"@id\":\"https:\\\/\\\/www.libra-avocats.com\\\/es\\\/#\\\/schema\\\/logo\\\/image\\\/\"}}]}<\/script>\n<!-- \/ Yoast SEO plugin. -->","yoast_head_json":{"title":"Pol\u00edtica de protecci\u00f3n de datos - Libra Avocats","robots":{"index":"index","follow":"follow","max-snippet":"max-snippet:-1","max-image-preview":"max-image-preview:large","max-video-preview":"max-video-preview:-1"},"canonical":"https:\/\/www.libra-avocats.com\/es\/politica-de-proteccion-de-datos\/","og_locale":"es_ES","og_type":"article","og_title":"Pol\u00edtica de protecci\u00f3n de datos - Libra Avocats","og_description":"Introducci\u00f3n Ante el desarrollo de nuevos instrumentos de comunicaci\u00f3n, es necesario prestar especial atenci\u00f3n a la protecci\u00f3n de la privacidad. Por eso nos comprometemos a respetar la confidencialidad de la ...","og_url":"https:\/\/www.libra-avocats.com\/es\/politica-de-proteccion-de-datos\/","og_site_name":"Libra Avocats","article_modified_time":"2020-05-05T14:53:10+00:00","twitter_card":"summary_large_image","twitter_misc":{"Tiempo de lectura":"5 minutos"},"schema":{"@context":"https:\/\/schema.org","@graph":[{"@type":"WebPage","@id":"https:\/\/www.libra-avocats.com\/es\/politica-de-proteccion-de-datos\/","url":"https:\/\/www.libra-avocats.com\/es\/politica-de-proteccion-de-datos\/","name":"Pol\u00edtica de protecci\u00f3n de datos - Libra Avocats","isPartOf":{"@id":"https:\/\/www.libra-avocats.com\/es\/#website"},"datePublished":"2020-02-12T08:53:59+00:00","dateModified":"2020-05-05T14:53:10+00:00","breadcrumb":{"@id":"https:\/\/www.libra-avocats.com\/es\/politica-de-proteccion-de-datos\/#breadcrumb"},"inLanguage":"es","potentialAction":[{"@type":"ReadAction","target":["https:\/\/www.libra-avocats.com\/es\/politica-de-proteccion-de-datos\/"]}]},{"@type":"BreadcrumbList","@id":"https:\/\/www.libra-avocats.com\/es\/politica-de-proteccion-de-datos\/#breadcrumb","itemListElement":[{"@type":"ListItem","position":1,"name":"Accueil","item":"https:\/\/www.libra-avocats.com\/es\/"},{"@type":"ListItem","position":2,"name":"Pol\u00edtica de protecci\u00f3n de datos"}]},{"@type":"WebSite","@id":"https:\/\/www.libra-avocats.com\/es\/#website","url":"https:\/\/www.libra-avocats.com\/es\/","name":"Libra Avocats","description":"Cabinets d&#039;avocats","publisher":{"@id":"https:\/\/www.libra-avocats.com\/es\/#organization"},"potentialAction":[{"@type":"SearchAction","target":{"@type":"EntryPoint","urlTemplate":"https:\/\/www.libra-avocats.com\/es\/?s={search_term_string}"},"query-input":{"@type":"PropertyValueSpecification","valueRequired":true,"valueName":"search_term_string"}}],"inLanguage":"es"},{"@type":"Organization","@id":"https:\/\/www.libra-avocats.com\/es\/#organization","name":"Libra Avocats","url":"https:\/\/www.libra-avocats.com\/es\/","logo":{"@type":"ImageObject","inLanguage":"es","@id":"https:\/\/www.libra-avocats.com\/es\/#\/schema\/logo\/image\/","url":"https:\/\/www.libra-avocats.com\/wp-content\/uploads\/2020\/02\/logo_bottom.png","contentUrl":"https:\/\/www.libra-avocats.com\/wp-content\/uploads\/2020\/02\/logo_bottom.png","width":144,"height":43,"caption":"Libra Avocats"},"image":{"@id":"https:\/\/www.libra-avocats.com\/es\/#\/schema\/logo\/image\/"}}]}},"_links":{"self":[{"href":"https:\/\/www.libra-avocats.com\/es\/wp-json\/wp\/v2\/pages\/508","targetHints":{"allow":["GET"]}}],"collection":[{"href":"https:\/\/www.libra-avocats.com\/es\/wp-json\/wp\/v2\/pages"}],"about":[{"href":"https:\/\/www.libra-avocats.com\/es\/wp-json\/wp\/v2\/types\/page"}],"author":[{"embeddable":true,"href":"https:\/\/www.libra-avocats.com\/es\/wp-json\/wp\/v2\/users\/1"}],"replies":[{"embeddable":true,"href":"https:\/\/www.libra-avocats.com\/es\/wp-json\/wp\/v2\/comments?post=508"}],"version-history":[{"count":4,"href":"https:\/\/www.libra-avocats.com\/es\/wp-json\/wp\/v2\/pages\/508\/revisions"}],"predecessor-version":[{"id":833,"href":"https:\/\/www.libra-avocats.com\/es\/wp-json\/wp\/v2\/pages\/508\/revisions\/833"}],"wp:attachment":[{"href":"https:\/\/www.libra-avocats.com\/es\/wp-json\/wp\/v2\/media?parent=508"}],"curies":[{"name":"wp","href":"https:\/\/api.w.org\/{rel}","templated":true}]}}