{"id":506,"date":"2020-02-24T10:02:22","date_gmt":"2020-02-24T09:02:22","guid":{"rendered":"https:\/\/www.libra-avocats.com\/aviso-legal\/"},"modified":"2020-02-24T14:14:34","modified_gmt":"2020-02-24T13:14:34","slug":"aviso-legal","status":"publish","type":"page","link":"https:\/\/www.libra-avocats.com\/es\/aviso-legal\/","title":{"rendered":"Aviso legal"},"content":{"rendered":"\n<h2 class=\"wp-block-heading\">DEFINICIONES<\/h2>\n\n<p><strong>Cliente<\/strong>: todo profesional o persona capaz en el sentido de los art\u00edculos 1123 y siguientes del C\u00f3digo Civil, o persona jur\u00eddica, que visite el sitio objeto del presente aviso legal.<\/p>\n\n<p><strong>Usuario<\/strong>: Usuario de Internet que se conecta, utilizando el sitio web mencionado.<\/p>\n\n<h2 class=\"wp-block-heading\">1. PRESENTACI\u00d3N DEL SITIO WEB<\/h2>\n\n<p>En virtud del art\u00edculo 6 de la Ley N\u00ba 2004-575, de 21 de junio de 2004, de confianza en la econom\u00eda digital, se informa a los usuarios del sitio web libra-avocats.com de la identidad de las distintas partes que participan en su creaci\u00f3n y seguimiento:<\/p>\n\n<p><strong>Propietario:<\/strong><br\/>&#13;\nAbogados de Libra<br\/>&#13;\nAsociaci\u00f3n de abogados con responsabilidad profesional individual, inscrita en el Colegio de Abogados de Par\u00eds<br\/>&#13;\nN\u00famero de toque : E0445<br\/>&#13;\nN\u00famero SIREN: 803 685 445<br\/>&#13;\nDirecci\u00f3n: 5, rue Juliette R\u00e9camier &#8211; 75007 Paris<\/p>\n\n<p><strong>Responsable de la publicaci\u00f3n<\/strong>:<br\/>&#13;\nFrances Goldsmith &#8211; <a href=\"mailto:fgoldsmith@libra-avocats.com\">fgoldsmith@libra-avocats.com<\/a><\/p>\n\n<p>Webmaster :<br\/><a href=\"https:\/\/www.echappee-web.fr\/\">Echapp\u00e9e Web<\/a>&#8211; <a href=\"mailto:contact@echappee-web.fr\">contact@echappee-web.fr<\/a><\/p>\n\n<p><strong>Host <\/strong>:<br\/>&#13;\nOVH &#8211; 2 rue Kellermann &#8211; 59100 Roubaix \u2013 Francia<\/p>\n\n<p><strong>Oficial de Protecci\u00f3n de Datos :<br\/><\/strong>Frances Goldsmith &#8211; <a href=\"mailto:fgoldsmith@libra-avocats.com\">fgoldsmith@libra-avocats.com<\/a><\/p>\n\n<h2 class=\"wp-block-heading\">2. LIMITACIONES CONTRACTUALES DE LOS DATOS T\u00c9CNICOS<\/h2>\n\n<p>El sitio web utiliza la tecnolog\u00eda JavaScript. El sitio web libra-avocats.com no se hace responsable de ning\u00fan da\u00f1o material relacionado con su uso. Adem\u00e1s, el usuario del sitio se compromete a acceder al mismo utilizando un equipo reciente, libre de virus y con un navegador actualizado de \u00faltima generaci\u00f3n. El sitio libra-avocats.com est\u00e1 alojado por un proveedor de servicios en el territorio de la Uni\u00f3n Europea de acuerdo con las disposiciones del Reglamento General de Protecci\u00f3n de Datos (RGPD: n\u00b0 2016-679).<\/p>\n\n<p>El host asegura la continuidad de su servicio las 24 horas del d\u00eda, todos los d\u00edas del a\u00f1o. No obstante, se reserva el derecho de interrumpir el servicio de alojamiento lo antes posible, en particular para el mantenimiento, la mejora de sus infraestructuras, el fallo de las mismas o si el sitio web libra-avocats.com genera un tr\u00e1fico considerado anormal.<\/p>\n\n<p>El sitio web libra-avocats.com y el host no pueden ser considerados responsables en caso de mal funcionamiento de la red de Internet, de las l\u00edneas telef\u00f3nicas o del equipo inform\u00e1tico y telef\u00f3nico, en particular debido a la congesti\u00f3n de la red que impide el acceso al servidor.<\/p>\n\n<h2 class=\"wp-block-heading\">3. LA PROPIEDAD INTELECTUAL Y LAS FALSIFICACIONES<\/h2>\n\n<p>El sitio web libra-avocats.com constituye una obra del intelecto protegida por las disposiciones del C\u00f3digo de Propiedad Intelectual y el Reglamento Internacional aplicable. El Cliente no podr\u00e1 en ning\u00fan caso reutilizar, transferir o explotar por cuenta propia la totalidad o parte de los elementos u obras del sitio.<\/p>\n\n<p>Libra Avocats es el propietario de los derechos de propiedad intelectual y posee los derechos de uso sobre todos los elementos accesibles en el sitio web libra-avocats.com, en particular los textos, im\u00e1genes, gr\u00e1ficos, logotipos, v\u00eddeos, iconos y sonidos. Queda prohibida toda reproducci\u00f3n, representaci\u00f3n, modificaci\u00f3n, publicaci\u00f3n, adaptaci\u00f3n de todos o parte de los elementos del sitio, independientemente del medio o procedimiento utilizado, sin el consentimiento previo por escrito de : Libra Avocats.<\/p>\n\n<p>Toda utilizaci\u00f3n no autorizada del sitio o de alguno de los elementos que contiene se considerar\u00e1 constitutiva de una infracci\u00f3n y ser\u00e1 perseguida de conformidad con las disposiciones de los art\u00edculos L.335-2 y siguientes del C\u00f3digo de la Propiedad Intelectual.<\/p>\n","protected":false},"excerpt":{"rendered":"<p>DEFINICIONES Cliente: todo profesional o persona capaz en el sentido de los art\u00edculos 1123 y siguientes del C\u00f3digo Civil, o persona jur\u00eddica, que visite el sitio objeto del presente aviso &#8230;<\/p>\n","protected":false},"author":1,"featured_media":0,"parent":0,"menu_order":0,"comment_status":"closed","ping_status":"closed","template":"","meta":{"_acf_changed":false,"footnotes":""},"class_list":["post-506","page","type-page","status-publish","hentry"],"acf":[],"yoast_head":"<!-- This site is optimized with the Yoast SEO plugin v27.4 - https:\/\/yoast.com\/product\/yoast-seo-wordpress\/ -->\n<title>Aviso legal - Libra Avocats<\/title>\n<meta name=\"robots\" content=\"index, follow, max-snippet:-1, max-image-preview:large, max-video-preview:-1\" \/>\n<link rel=\"canonical\" href=\"https:\/\/www.libra-avocats.com\/es\/aviso-legal\/\" \/>\n<meta property=\"og:locale\" content=\"es_ES\" \/>\n<meta property=\"og:type\" content=\"article\" \/>\n<meta property=\"og:title\" content=\"Aviso legal - Libra Avocats\" \/>\n<meta property=\"og:description\" content=\"DEFINICIONES Cliente: todo profesional o persona capaz en el sentido de los art\u00edculos 1123 y siguientes del C\u00f3digo Civil, o persona jur\u00eddica, que visite el sitio objeto del presente aviso ...\" \/>\n<meta property=\"og:url\" content=\"https:\/\/www.libra-avocats.com\/es\/aviso-legal\/\" \/>\n<meta property=\"og:site_name\" content=\"Libra Avocats\" \/>\n<meta property=\"article:modified_time\" content=\"2020-02-24T13:14:34+00:00\" \/>\n<meta name=\"twitter:card\" content=\"summary_large_image\" \/>\n<meta name=\"twitter:label1\" content=\"Tiempo de lectura\" \/>\n\t<meta name=\"twitter:data1\" content=\"3 minutos\" \/>\n<script type=\"application\/ld+json\" class=\"yoast-schema-graph\">{\"@context\":\"https:\\\/\\\/schema.org\",\"@graph\":[{\"@type\":\"WebPage\",\"@id\":\"https:\\\/\\\/www.libra-avocats.com\\\/es\\\/aviso-legal\\\/\",\"url\":\"https:\\\/\\\/www.libra-avocats.com\\\/es\\\/aviso-legal\\\/\",\"name\":\"Aviso legal - Libra Avocats\",\"isPartOf\":{\"@id\":\"https:\\\/\\\/www.libra-avocats.com\\\/es\\\/#website\"},\"datePublished\":\"2020-02-24T09:02:22+00:00\",\"dateModified\":\"2020-02-24T13:14:34+00:00\",\"breadcrumb\":{\"@id\":\"https:\\\/\\\/www.libra-avocats.com\\\/es\\\/aviso-legal\\\/#breadcrumb\"},\"inLanguage\":\"es\",\"potentialAction\":[{\"@type\":\"ReadAction\",\"target\":[\"https:\\\/\\\/www.libra-avocats.com\\\/es\\\/aviso-legal\\\/\"]}]},{\"@type\":\"BreadcrumbList\",\"@id\":\"https:\\\/\\\/www.libra-avocats.com\\\/es\\\/aviso-legal\\\/#breadcrumb\",\"itemListElement\":[{\"@type\":\"ListItem\",\"position\":1,\"name\":\"Accueil\",\"item\":\"https:\\\/\\\/www.libra-avocats.com\\\/es\\\/\"},{\"@type\":\"ListItem\",\"position\":2,\"name\":\"Aviso legal\"}]},{\"@type\":\"WebSite\",\"@id\":\"https:\\\/\\\/www.libra-avocats.com\\\/es\\\/#website\",\"url\":\"https:\\\/\\\/www.libra-avocats.com\\\/es\\\/\",\"name\":\"Libra Avocats\",\"description\":\"Cabinets d&#039;avocats\",\"publisher\":{\"@id\":\"https:\\\/\\\/www.libra-avocats.com\\\/es\\\/#organization\"},\"potentialAction\":[{\"@type\":\"SearchAction\",\"target\":{\"@type\":\"EntryPoint\",\"urlTemplate\":\"https:\\\/\\\/www.libra-avocats.com\\\/es\\\/?s={search_term_string}\"},\"query-input\":{\"@type\":\"PropertyValueSpecification\",\"valueRequired\":true,\"valueName\":\"search_term_string\"}}],\"inLanguage\":\"es\"},{\"@type\":\"Organization\",\"@id\":\"https:\\\/\\\/www.libra-avocats.com\\\/es\\\/#organization\",\"name\":\"Libra Avocats\",\"url\":\"https:\\\/\\\/www.libra-avocats.com\\\/es\\\/\",\"logo\":{\"@type\":\"ImageObject\",\"inLanguage\":\"es\",\"@id\":\"https:\\\/\\\/www.libra-avocats.com\\\/es\\\/#\\\/schema\\\/logo\\\/image\\\/\",\"url\":\"https:\\\/\\\/www.libra-avocats.com\\\/wp-content\\\/uploads\\\/2020\\\/02\\\/logo_bottom.png\",\"contentUrl\":\"https:\\\/\\\/www.libra-avocats.com\\\/wp-content\\\/uploads\\\/2020\\\/02\\\/logo_bottom.png\",\"width\":144,\"height\":43,\"caption\":\"Libra Avocats\"},\"image\":{\"@id\":\"https:\\\/\\\/www.libra-avocats.com\\\/es\\\/#\\\/schema\\\/logo\\\/image\\\/\"}}]}<\/script>\n<!-- \/ Yoast SEO plugin. -->","yoast_head_json":{"title":"Aviso legal - Libra Avocats","robots":{"index":"index","follow":"follow","max-snippet":"max-snippet:-1","max-image-preview":"max-image-preview:large","max-video-preview":"max-video-preview:-1"},"canonical":"https:\/\/www.libra-avocats.com\/es\/aviso-legal\/","og_locale":"es_ES","og_type":"article","og_title":"Aviso legal - Libra Avocats","og_description":"DEFINICIONES Cliente: todo profesional o persona capaz en el sentido de los art\u00edculos 1123 y siguientes del C\u00f3digo Civil, o persona jur\u00eddica, que visite el sitio objeto del presente aviso ...","og_url":"https:\/\/www.libra-avocats.com\/es\/aviso-legal\/","og_site_name":"Libra Avocats","article_modified_time":"2020-02-24T13:14:34+00:00","twitter_card":"summary_large_image","twitter_misc":{"Tiempo de lectura":"3 minutos"},"schema":{"@context":"https:\/\/schema.org","@graph":[{"@type":"WebPage","@id":"https:\/\/www.libra-avocats.com\/es\/aviso-legal\/","url":"https:\/\/www.libra-avocats.com\/es\/aviso-legal\/","name":"Aviso legal - Libra Avocats","isPartOf":{"@id":"https:\/\/www.libra-avocats.com\/es\/#website"},"datePublished":"2020-02-24T09:02:22+00:00","dateModified":"2020-02-24T13:14:34+00:00","breadcrumb":{"@id":"https:\/\/www.libra-avocats.com\/es\/aviso-legal\/#breadcrumb"},"inLanguage":"es","potentialAction":[{"@type":"ReadAction","target":["https:\/\/www.libra-avocats.com\/es\/aviso-legal\/"]}]},{"@type":"BreadcrumbList","@id":"https:\/\/www.libra-avocats.com\/es\/aviso-legal\/#breadcrumb","itemListElement":[{"@type":"ListItem","position":1,"name":"Accueil","item":"https:\/\/www.libra-avocats.com\/es\/"},{"@type":"ListItem","position":2,"name":"Aviso legal"}]},{"@type":"WebSite","@id":"https:\/\/www.libra-avocats.com\/es\/#website","url":"https:\/\/www.libra-avocats.com\/es\/","name":"Libra Avocats","description":"Cabinets d&#039;avocats","publisher":{"@id":"https:\/\/www.libra-avocats.com\/es\/#organization"},"potentialAction":[{"@type":"SearchAction","target":{"@type":"EntryPoint","urlTemplate":"https:\/\/www.libra-avocats.com\/es\/?s={search_term_string}"},"query-input":{"@type":"PropertyValueSpecification","valueRequired":true,"valueName":"search_term_string"}}],"inLanguage":"es"},{"@type":"Organization","@id":"https:\/\/www.libra-avocats.com\/es\/#organization","name":"Libra Avocats","url":"https:\/\/www.libra-avocats.com\/es\/","logo":{"@type":"ImageObject","inLanguage":"es","@id":"https:\/\/www.libra-avocats.com\/es\/#\/schema\/logo\/image\/","url":"https:\/\/www.libra-avocats.com\/wp-content\/uploads\/2020\/02\/logo_bottom.png","contentUrl":"https:\/\/www.libra-avocats.com\/wp-content\/uploads\/2020\/02\/logo_bottom.png","width":144,"height":43,"caption":"Libra Avocats"},"image":{"@id":"https:\/\/www.libra-avocats.com\/es\/#\/schema\/logo\/image\/"}}]}},"_links":{"self":[{"href":"https:\/\/www.libra-avocats.com\/es\/wp-json\/wp\/v2\/pages\/506","targetHints":{"allow":["GET"]}}],"collection":[{"href":"https:\/\/www.libra-avocats.com\/es\/wp-json\/wp\/v2\/pages"}],"about":[{"href":"https:\/\/www.libra-avocats.com\/es\/wp-json\/wp\/v2\/types\/page"}],"author":[{"embeddable":true,"href":"https:\/\/www.libra-avocats.com\/es\/wp-json\/wp\/v2\/users\/1"}],"replies":[{"embeddable":true,"href":"https:\/\/www.libra-avocats.com\/es\/wp-json\/wp\/v2\/comments?post=506"}],"version-history":[{"count":5,"href":"https:\/\/www.libra-avocats.com\/es\/wp-json\/wp\/v2\/pages\/506\/revisions"}],"predecessor-version":[{"id":732,"href":"https:\/\/www.libra-avocats.com\/es\/wp-json\/wp\/v2\/pages\/506\/revisions\/732"}],"wp:attachment":[{"href":"https:\/\/www.libra-avocats.com\/es\/wp-json\/wp\/v2\/media?parent=506"}],"curies":[{"name":"wp","href":"https:\/\/api.w.org\/{rel}","templated":true}]}}