{"id":461,"date":"2020-02-19T14:36:32","date_gmt":"2020-02-19T13:36:32","guid":{"rendered":"https:\/\/www.libra-avocats.com\/marion-souid\/"},"modified":"2020-02-24T10:57:37","modified_gmt":"2020-02-24T09:57:37","slug":"marion-souid","status":"publish","type":"page","link":"https:\/\/www.libra-avocats.com\/es\/el-equipo\/marion-souid\/","title":{"rendered":"Marion Souid"},"content":{"rendered":"\n<p class=\"has-text-align-center accroche\">Abogada<\/p>\n\n<div class=\"wp-block-group button-container\"><div class=\"wp-block-group__inner-container is-layout-flow wp-block-group-is-layout-flow\">\n<div class=\"wp-block-button phone\"><a class=\"wp-block-button__link\" href=\"tel:+33142840707\">Llamar a Marion<\/a><\/div>\n\n\n\n<div class=\"wp-block-button mail\"><a class=\"wp-block-button__link\" href=\"mailto:juriste4@libra-avocats.com\">Escribir a Marion<\/a><\/div>\n<\/div><\/div>\n\n<p>Abogada del colegio de abogados de Par\u00eds con diez a\u00f1os de experiencia, <strong>trabaja en colaboraci\u00f3n con el despacho de abogados Libra Avocats en expedientes contenciosos<\/strong>. Marion\u00a0ha alcanzado durante diez a\u00f1os una experiencia pr\u00e1ctica y global en contenciosos en firmas de abogados parisinos de primer nivel interviniendo, en particular, en los \u00e1mbitos de la\u00a0<strong>responsabilidad civil<\/strong>,\u00a0<strong>representaci\u00f3n de partes civiles en lo penal, <\/strong>derecho inmobiliario y derecho comercial.<\/p>\n","protected":false},"excerpt":{"rendered":"<p>Abogada Abogada del colegio de abogados de Par\u00eds con diez a\u00f1os de experiencia, trabaja en colaboraci\u00f3n con el despacho de abogados Libra Avocats en expedientes contenciosos. Marion\u00a0ha alcanzado durante diez &#8230;<\/p>\n","protected":false},"author":1,"featured_media":0,"parent":524,"menu_order":0,"comment_status":"closed","ping_status":"closed","template":"","meta":{"_acf_changed":false,"footnotes":""},"class_list":["post-461","page","type-page","status-publish","hentry"],"acf":[],"yoast_head":"<!-- This site is optimized with the Yoast SEO plugin v27.4 - https:\/\/yoast.com\/product\/yoast-seo-wordpress\/ -->\n<title>Marion Souid - Libra Avocats<\/title>\n<meta name=\"robots\" content=\"index, follow, max-snippet:-1, max-image-preview:large, max-video-preview:-1\" \/>\n<link rel=\"canonical\" href=\"https:\/\/www.libra-avocats.com\/es\/el-equipo\/marion-souid\/\" \/>\n<meta property=\"og:locale\" content=\"es_ES\" \/>\n<meta property=\"og:type\" content=\"article\" \/>\n<meta property=\"og:title\" content=\"Marion Souid - Libra Avocats\" \/>\n<meta property=\"og:description\" content=\"Abogada Abogada del colegio de abogados de Par\u00eds con diez a\u00f1os de experiencia, trabaja en colaboraci\u00f3n con el despacho de abogados Libra Avocats en expedientes contenciosos. Marion\u00a0ha alcanzado durante diez ...\" \/>\n<meta property=\"og:url\" content=\"https:\/\/www.libra-avocats.com\/es\/el-equipo\/marion-souid\/\" \/>\n<meta property=\"og:site_name\" content=\"Libra Avocats\" \/>\n<meta property=\"article:modified_time\" content=\"2020-02-24T09:57:37+00:00\" \/>\n<meta name=\"twitter:card\" content=\"summary_large_image\" \/>\n<script type=\"application\/ld+json\" class=\"yoast-schema-graph\">{\"@context\":\"https:\\\/\\\/schema.org\",\"@graph\":[{\"@type\":\"WebPage\",\"@id\":\"https:\\\/\\\/www.libra-avocats.com\\\/es\\\/el-equipo\\\/marion-souid\\\/\",\"url\":\"https:\\\/\\\/www.libra-avocats.com\\\/es\\\/el-equipo\\\/marion-souid\\\/\",\"name\":\"Marion Souid - Libra Avocats\",\"isPartOf\":{\"@id\":\"https:\\\/\\\/www.libra-avocats.com\\\/es\\\/#website\"},\"datePublished\":\"2020-02-19T13:36:32+00:00\",\"dateModified\":\"2020-02-24T09:57:37+00:00\",\"breadcrumb\":{\"@id\":\"https:\\\/\\\/www.libra-avocats.com\\\/es\\\/el-equipo\\\/marion-souid\\\/#breadcrumb\"},\"inLanguage\":\"es\",\"potentialAction\":[{\"@type\":\"ReadAction\",\"target\":[\"https:\\\/\\\/www.libra-avocats.com\\\/es\\\/el-equipo\\\/marion-souid\\\/\"]}]},{\"@type\":\"BreadcrumbList\",\"@id\":\"https:\\\/\\\/www.libra-avocats.com\\\/es\\\/el-equipo\\\/marion-souid\\\/#breadcrumb\",\"itemListElement\":[{\"@type\":\"ListItem\",\"position\":1,\"name\":\"Accueil\",\"item\":\"https:\\\/\\\/www.libra-avocats.com\\\/es\\\/\"},{\"@type\":\"ListItem\",\"position\":2,\"name\":\"El equipo\",\"item\":\"https:\\\/\\\/www.libra-avocats.com\\\/es\\\/el-equipo\\\/\"},{\"@type\":\"ListItem\",\"position\":3,\"name\":\"Marion Souid\"}]},{\"@type\":\"WebSite\",\"@id\":\"https:\\\/\\\/www.libra-avocats.com\\\/es\\\/#website\",\"url\":\"https:\\\/\\\/www.libra-avocats.com\\\/es\\\/\",\"name\":\"Libra Avocats\",\"description\":\"Cabinets d&#039;avocats\",\"publisher\":{\"@id\":\"https:\\\/\\\/www.libra-avocats.com\\\/es\\\/#organization\"},\"potentialAction\":[{\"@type\":\"SearchAction\",\"target\":{\"@type\":\"EntryPoint\",\"urlTemplate\":\"https:\\\/\\\/www.libra-avocats.com\\\/es\\\/?s={search_term_string}\"},\"query-input\":{\"@type\":\"PropertyValueSpecification\",\"valueRequired\":true,\"valueName\":\"search_term_string\"}}],\"inLanguage\":\"es\"},{\"@type\":\"Organization\",\"@id\":\"https:\\\/\\\/www.libra-avocats.com\\\/es\\\/#organization\",\"name\":\"Libra Avocats\",\"url\":\"https:\\\/\\\/www.libra-avocats.com\\\/es\\\/\",\"logo\":{\"@type\":\"ImageObject\",\"inLanguage\":\"es\",\"@id\":\"https:\\\/\\\/www.libra-avocats.com\\\/es\\\/#\\\/schema\\\/logo\\\/image\\\/\",\"url\":\"https:\\\/\\\/www.libra-avocats.com\\\/wp-content\\\/uploads\\\/2020\\\/02\\\/logo_bottom.png\",\"contentUrl\":\"https:\\\/\\\/www.libra-avocats.com\\\/wp-content\\\/uploads\\\/2020\\\/02\\\/logo_bottom.png\",\"width\":144,\"height\":43,\"caption\":\"Libra Avocats\"},\"image\":{\"@id\":\"https:\\\/\\\/www.libra-avocats.com\\\/es\\\/#\\\/schema\\\/logo\\\/image\\\/\"}}]}<\/script>\n<!-- \/ Yoast SEO plugin. -->","yoast_head_json":{"title":"Marion Souid - Libra Avocats","robots":{"index":"index","follow":"follow","max-snippet":"max-snippet:-1","max-image-preview":"max-image-preview:large","max-video-preview":"max-video-preview:-1"},"canonical":"https:\/\/www.libra-avocats.com\/es\/el-equipo\/marion-souid\/","og_locale":"es_ES","og_type":"article","og_title":"Marion Souid - Libra Avocats","og_description":"Abogada Abogada del colegio de abogados de Par\u00eds con diez a\u00f1os de experiencia, trabaja en colaboraci\u00f3n con el despacho de abogados Libra Avocats en expedientes contenciosos. Marion\u00a0ha alcanzado durante diez ...","og_url":"https:\/\/www.libra-avocats.com\/es\/el-equipo\/marion-souid\/","og_site_name":"Libra Avocats","article_modified_time":"2020-02-24T09:57:37+00:00","twitter_card":"summary_large_image","schema":{"@context":"https:\/\/schema.org","@graph":[{"@type":"WebPage","@id":"https:\/\/www.libra-avocats.com\/es\/el-equipo\/marion-souid\/","url":"https:\/\/www.libra-avocats.com\/es\/el-equipo\/marion-souid\/","name":"Marion Souid - Libra Avocats","isPartOf":{"@id":"https:\/\/www.libra-avocats.com\/es\/#website"},"datePublished":"2020-02-19T13:36:32+00:00","dateModified":"2020-02-24T09:57:37+00:00","breadcrumb":{"@id":"https:\/\/www.libra-avocats.com\/es\/el-equipo\/marion-souid\/#breadcrumb"},"inLanguage":"es","potentialAction":[{"@type":"ReadAction","target":["https:\/\/www.libra-avocats.com\/es\/el-equipo\/marion-souid\/"]}]},{"@type":"BreadcrumbList","@id":"https:\/\/www.libra-avocats.com\/es\/el-equipo\/marion-souid\/#breadcrumb","itemListElement":[{"@type":"ListItem","position":1,"name":"Accueil","item":"https:\/\/www.libra-avocats.com\/es\/"},{"@type":"ListItem","position":2,"name":"El equipo","item":"https:\/\/www.libra-avocats.com\/es\/el-equipo\/"},{"@type":"ListItem","position":3,"name":"Marion Souid"}]},{"@type":"WebSite","@id":"https:\/\/www.libra-avocats.com\/es\/#website","url":"https:\/\/www.libra-avocats.com\/es\/","name":"Libra Avocats","description":"Cabinets d&#039;avocats","publisher":{"@id":"https:\/\/www.libra-avocats.com\/es\/#organization"},"potentialAction":[{"@type":"SearchAction","target":{"@type":"EntryPoint","urlTemplate":"https:\/\/www.libra-avocats.com\/es\/?s={search_term_string}"},"query-input":{"@type":"PropertyValueSpecification","valueRequired":true,"valueName":"search_term_string"}}],"inLanguage":"es"},{"@type":"Organization","@id":"https:\/\/www.libra-avocats.com\/es\/#organization","name":"Libra Avocats","url":"https:\/\/www.libra-avocats.com\/es\/","logo":{"@type":"ImageObject","inLanguage":"es","@id":"https:\/\/www.libra-avocats.com\/es\/#\/schema\/logo\/image\/","url":"https:\/\/www.libra-avocats.com\/wp-content\/uploads\/2020\/02\/logo_bottom.png","contentUrl":"https:\/\/www.libra-avocats.com\/wp-content\/uploads\/2020\/02\/logo_bottom.png","width":144,"height":43,"caption":"Libra Avocats"},"image":{"@id":"https:\/\/www.libra-avocats.com\/es\/#\/schema\/logo\/image\/"}}]}},"_links":{"self":[{"href":"https:\/\/www.libra-avocats.com\/es\/wp-json\/wp\/v2\/pages\/461","targetHints":{"allow":["GET"]}}],"collection":[{"href":"https:\/\/www.libra-avocats.com\/es\/wp-json\/wp\/v2\/pages"}],"about":[{"href":"https:\/\/www.libra-avocats.com\/es\/wp-json\/wp\/v2\/types\/page"}],"author":[{"embeddable":true,"href":"https:\/\/www.libra-avocats.com\/es\/wp-json\/wp\/v2\/users\/1"}],"replies":[{"embeddable":true,"href":"https:\/\/www.libra-avocats.com\/es\/wp-json\/wp\/v2\/comments?post=461"}],"version-history":[{"count":3,"href":"https:\/\/www.libra-avocats.com\/es\/wp-json\/wp\/v2\/pages\/461\/revisions"}],"predecessor-version":[{"id":499,"href":"https:\/\/www.libra-avocats.com\/es\/wp-json\/wp\/v2\/pages\/461\/revisions\/499"}],"up":[{"embeddable":true,"href":"https:\/\/www.libra-avocats.com\/es\/wp-json\/wp\/v2\/pages\/524"}],"wp:attachment":[{"href":"https:\/\/www.libra-avocats.com\/es\/wp-json\/wp\/v2\/media?parent=461"}],"curies":[{"name":"wp","href":"https:\/\/api.w.org\/{rel}","templated":true}]}}