{"id":459,"date":"2020-02-17T17:00:02","date_gmt":"2020-02-17T16:00:02","guid":{"rendered":"https:\/\/www.libra-avocats.com\/maria-valentin\/"},"modified":"2023-11-29T16:09:42","modified_gmt":"2023-11-29T15:09:42","slug":"maria-valentin","status":"publish","type":"page","link":"https:\/\/www.libra-avocats.com\/es\/el-equipo\/maria-valentin\/","title":{"rendered":"Maria Valentin"},"content":{"rendered":"\n<p class=\"has-text-align-center accroche\">Counsel<\/p>\n\n<div class=\"wp-block-group button-container\"><div class=\"wp-block-group__inner-container is-layout-flow wp-block-group-is-layout-flow\">\n<div class=\"wp-block-button phone\"><a class=\"wp-block-button__link wp-element-button\" href=\"tel:+33142840707\">Llamar a Maria<\/a><\/div>\n\n\n\n<div class=\"wp-block-button mail\"><a class=\"wp-block-button__link wp-element-button\" href=\"mailto:mvalentin@libra-avocats.com\">Escribir a Maria<\/a><\/div>\n<\/div><\/div>\n\n<p>Maria Valentin es titular de un doble diploma de derecho franco-espa\u00f1ol de la Universit\u00e9 Panth\u00e9on-Assas Paris II y de la Universidad Aut\u00f3noma de Barcelona, con\u00a0<strong>especializaci\u00f3n en derecho internacional<\/strong>. Durante sus estudios adquiri\u00f3 experiencia en Par\u00eds y Barcelona en contenciosos comerciales transnacionales.<\/p>\n\n<p>Maria Valentin pas\u00f3 a formar parte de Libra Avocats en condici\u00f3n de cursillista en julio de 2017 y lleg\u00f3 a ser colaboradora en 2019. Ha desarrollado aqu\u00ed <strong>una muy fina comprensi\u00f3n del contencioso en general y del derecho de familia y de sucesi\u00f3n<\/strong>.<\/p>\n\n<p>Interviene de manera regular en <strong>asuntos internacionales complejos<\/strong>, en particular cuando se encuentran en curso diferentes procedimientos ante jurisdicciones distintas, que requieren la implementaci\u00f3n de una estrategia global. Actualmente ha alcanzado experticia en derecho internacional de familia, tema en que interviene en particular en caso de divorcios internacionales (amistosos y contenciosos), como tambi\u00e9n en procedimientos relativos a los menores de edad.<\/p>\n\n<p>Adem\u00e1s de contenciosos judiciales, apoya a sus clientes en el marco de procedimientos arbitrales, ad hoc e institucionales, ya sea en condici\u00f3n de arbitraje interno o arbitraje internacional.<\/p>\n","protected":false},"excerpt":{"rendered":"<p>Counsel Maria Valentin es titular de un doble diploma de derecho franco-espa\u00f1ol de la Universit\u00e9 Panth\u00e9on-Assas Paris II y de la Universidad Aut\u00f3noma de Barcelona, con\u00a0especializaci\u00f3n en derecho internacional. Durante &#8230;<\/p>\n","protected":false},"author":1,"featured_media":1096,"parent":524,"menu_order":0,"comment_status":"closed","ping_status":"closed","template":"","meta":{"_acf_changed":false,"footnotes":""},"class_list":["post-459","page","type-page","status-publish","has-post-thumbnail","hentry"],"acf":[],"yoast_head":"<!-- This site is optimized with the Yoast SEO plugin v27.3 - https:\/\/yoast.com\/product\/yoast-seo-wordpress\/ -->\n<title>Maria Valentin - Libra Avocats<\/title>\n<meta name=\"robots\" content=\"index, follow, max-snippet:-1, max-image-preview:large, max-video-preview:-1\" \/>\n<link rel=\"canonical\" href=\"https:\/\/www.libra-avocats.com\/es\/el-equipo\/maria-valentin\/\" \/>\n<meta property=\"og:locale\" content=\"es_ES\" \/>\n<meta property=\"og:type\" content=\"article\" \/>\n<meta property=\"og:title\" content=\"Maria Valentin - Libra Avocats\" \/>\n<meta property=\"og:description\" content=\"Counsel Maria Valentin es titular de un doble diploma de derecho franco-espa\u00f1ol de la Universit\u00e9 Panth\u00e9on-Assas Paris II y de la Universidad Aut\u00f3noma de Barcelona, con\u00a0especializaci\u00f3n en derecho internacional. Durante ...\" \/>\n<meta property=\"og:url\" content=\"https:\/\/www.libra-avocats.com\/es\/el-equipo\/maria-valentin\/\" \/>\n<meta property=\"og:site_name\" content=\"Libra Avocats\" \/>\n<meta property=\"article:modified_time\" content=\"2023-11-29T15:09:42+00:00\" \/>\n<meta property=\"og:image\" content=\"https:\/\/www.libra-avocats.com\/wp-content\/uploads\/2022\/07\/maria_banner_2022.jpg\" \/>\n\t<meta property=\"og:image:width\" content=\"1920\" \/>\n\t<meta property=\"og:image:height\" content=\"499\" \/>\n\t<meta property=\"og:image:type\" content=\"image\/jpeg\" \/>\n<meta name=\"twitter:card\" content=\"summary_large_image\" \/>\n<meta name=\"twitter:label1\" content=\"Tiempo de lectura\" \/>\n\t<meta name=\"twitter:data1\" content=\"1 minuto\" \/>\n<script type=\"application\/ld+json\" class=\"yoast-schema-graph\">{\"@context\":\"https:\\\/\\\/schema.org\",\"@graph\":[{\"@type\":\"WebPage\",\"@id\":\"https:\\\/\\\/www.libra-avocats.com\\\/es\\\/el-equipo\\\/maria-valentin\\\/\",\"url\":\"https:\\\/\\\/www.libra-avocats.com\\\/es\\\/el-equipo\\\/maria-valentin\\\/\",\"name\":\"Maria Valentin - Libra Avocats\",\"isPartOf\":{\"@id\":\"https:\\\/\\\/www.libra-avocats.com\\\/es\\\/#website\"},\"primaryImageOfPage\":{\"@id\":\"https:\\\/\\\/www.libra-avocats.com\\\/es\\\/el-equipo\\\/maria-valentin\\\/#primaryimage\"},\"image\":{\"@id\":\"https:\\\/\\\/www.libra-avocats.com\\\/es\\\/el-equipo\\\/maria-valentin\\\/#primaryimage\"},\"thumbnailUrl\":\"https:\\\/\\\/www.libra-avocats.com\\\/wp-content\\\/uploads\\\/2022\\\/07\\\/maria_banner_2022.jpg\",\"datePublished\":\"2020-02-17T16:00:02+00:00\",\"dateModified\":\"2023-11-29T15:09:42+00:00\",\"breadcrumb\":{\"@id\":\"https:\\\/\\\/www.libra-avocats.com\\\/es\\\/el-equipo\\\/maria-valentin\\\/#breadcrumb\"},\"inLanguage\":\"es\",\"potentialAction\":[{\"@type\":\"ReadAction\",\"target\":[\"https:\\\/\\\/www.libra-avocats.com\\\/es\\\/el-equipo\\\/maria-valentin\\\/\"]}]},{\"@type\":\"ImageObject\",\"inLanguage\":\"es\",\"@id\":\"https:\\\/\\\/www.libra-avocats.com\\\/es\\\/el-equipo\\\/maria-valentin\\\/#primaryimage\",\"url\":\"https:\\\/\\\/www.libra-avocats.com\\\/wp-content\\\/uploads\\\/2022\\\/07\\\/maria_banner_2022.jpg\",\"contentUrl\":\"https:\\\/\\\/www.libra-avocats.com\\\/wp-content\\\/uploads\\\/2022\\\/07\\\/maria_banner_2022.jpg\",\"width\":1920,\"height\":499,\"caption\":\"Maria Valentin\"},{\"@type\":\"BreadcrumbList\",\"@id\":\"https:\\\/\\\/www.libra-avocats.com\\\/es\\\/el-equipo\\\/maria-valentin\\\/#breadcrumb\",\"itemListElement\":[{\"@type\":\"ListItem\",\"position\":1,\"name\":\"Accueil\",\"item\":\"https:\\\/\\\/www.libra-avocats.com\\\/es\\\/\"},{\"@type\":\"ListItem\",\"position\":2,\"name\":\"El equipo\",\"item\":\"https:\\\/\\\/www.libra-avocats.com\\\/es\\\/el-equipo\\\/\"},{\"@type\":\"ListItem\",\"position\":3,\"name\":\"Maria Valentin\"}]},{\"@type\":\"WebSite\",\"@id\":\"https:\\\/\\\/www.libra-avocats.com\\\/es\\\/#website\",\"url\":\"https:\\\/\\\/www.libra-avocats.com\\\/es\\\/\",\"name\":\"Libra Avocats\",\"description\":\"Cabinets d&#039;avocats\",\"publisher\":{\"@id\":\"https:\\\/\\\/www.libra-avocats.com\\\/es\\\/#organization\"},\"potentialAction\":[{\"@type\":\"SearchAction\",\"target\":{\"@type\":\"EntryPoint\",\"urlTemplate\":\"https:\\\/\\\/www.libra-avocats.com\\\/es\\\/?s={search_term_string}\"},\"query-input\":{\"@type\":\"PropertyValueSpecification\",\"valueRequired\":true,\"valueName\":\"search_term_string\"}}],\"inLanguage\":\"es\"},{\"@type\":\"Organization\",\"@id\":\"https:\\\/\\\/www.libra-avocats.com\\\/es\\\/#organization\",\"name\":\"Libra Avocats\",\"url\":\"https:\\\/\\\/www.libra-avocats.com\\\/es\\\/\",\"logo\":{\"@type\":\"ImageObject\",\"inLanguage\":\"es\",\"@id\":\"https:\\\/\\\/www.libra-avocats.com\\\/es\\\/#\\\/schema\\\/logo\\\/image\\\/\",\"url\":\"https:\\\/\\\/www.libra-avocats.com\\\/wp-content\\\/uploads\\\/2020\\\/02\\\/logo_bottom.png\",\"contentUrl\":\"https:\\\/\\\/www.libra-avocats.com\\\/wp-content\\\/uploads\\\/2020\\\/02\\\/logo_bottom.png\",\"width\":144,\"height\":43,\"caption\":\"Libra Avocats\"},\"image\":{\"@id\":\"https:\\\/\\\/www.libra-avocats.com\\\/es\\\/#\\\/schema\\\/logo\\\/image\\\/\"}}]}<\/script>\n<!-- \/ Yoast SEO plugin. -->","yoast_head_json":{"title":"Maria Valentin - Libra Avocats","robots":{"index":"index","follow":"follow","max-snippet":"max-snippet:-1","max-image-preview":"max-image-preview:large","max-video-preview":"max-video-preview:-1"},"canonical":"https:\/\/www.libra-avocats.com\/es\/el-equipo\/maria-valentin\/","og_locale":"es_ES","og_type":"article","og_title":"Maria Valentin - Libra Avocats","og_description":"Counsel Maria Valentin es titular de un doble diploma de derecho franco-espa\u00f1ol de la Universit\u00e9 Panth\u00e9on-Assas Paris II y de la Universidad Aut\u00f3noma de Barcelona, con\u00a0especializaci\u00f3n en derecho internacional. Durante ...","og_url":"https:\/\/www.libra-avocats.com\/es\/el-equipo\/maria-valentin\/","og_site_name":"Libra Avocats","article_modified_time":"2023-11-29T15:09:42+00:00","og_image":[{"width":1920,"height":499,"url":"https:\/\/www.libra-avocats.com\/wp-content\/uploads\/2022\/07\/maria_banner_2022.jpg","type":"image\/jpeg"}],"twitter_card":"summary_large_image","twitter_misc":{"Tiempo de lectura":"1 minuto"},"schema":{"@context":"https:\/\/schema.org","@graph":[{"@type":"WebPage","@id":"https:\/\/www.libra-avocats.com\/es\/el-equipo\/maria-valentin\/","url":"https:\/\/www.libra-avocats.com\/es\/el-equipo\/maria-valentin\/","name":"Maria Valentin - Libra Avocats","isPartOf":{"@id":"https:\/\/www.libra-avocats.com\/es\/#website"},"primaryImageOfPage":{"@id":"https:\/\/www.libra-avocats.com\/es\/el-equipo\/maria-valentin\/#primaryimage"},"image":{"@id":"https:\/\/www.libra-avocats.com\/es\/el-equipo\/maria-valentin\/#primaryimage"},"thumbnailUrl":"https:\/\/www.libra-avocats.com\/wp-content\/uploads\/2022\/07\/maria_banner_2022.jpg","datePublished":"2020-02-17T16:00:02+00:00","dateModified":"2023-11-29T15:09:42+00:00","breadcrumb":{"@id":"https:\/\/www.libra-avocats.com\/es\/el-equipo\/maria-valentin\/#breadcrumb"},"inLanguage":"es","potentialAction":[{"@type":"ReadAction","target":["https:\/\/www.libra-avocats.com\/es\/el-equipo\/maria-valentin\/"]}]},{"@type":"ImageObject","inLanguage":"es","@id":"https:\/\/www.libra-avocats.com\/es\/el-equipo\/maria-valentin\/#primaryimage","url":"https:\/\/www.libra-avocats.com\/wp-content\/uploads\/2022\/07\/maria_banner_2022.jpg","contentUrl":"https:\/\/www.libra-avocats.com\/wp-content\/uploads\/2022\/07\/maria_banner_2022.jpg","width":1920,"height":499,"caption":"Maria Valentin"},{"@type":"BreadcrumbList","@id":"https:\/\/www.libra-avocats.com\/es\/el-equipo\/maria-valentin\/#breadcrumb","itemListElement":[{"@type":"ListItem","position":1,"name":"Accueil","item":"https:\/\/www.libra-avocats.com\/es\/"},{"@type":"ListItem","position":2,"name":"El equipo","item":"https:\/\/www.libra-avocats.com\/es\/el-equipo\/"},{"@type":"ListItem","position":3,"name":"Maria Valentin"}]},{"@type":"WebSite","@id":"https:\/\/www.libra-avocats.com\/es\/#website","url":"https:\/\/www.libra-avocats.com\/es\/","name":"Libra Avocats","description":"Cabinets d&#039;avocats","publisher":{"@id":"https:\/\/www.libra-avocats.com\/es\/#organization"},"potentialAction":[{"@type":"SearchAction","target":{"@type":"EntryPoint","urlTemplate":"https:\/\/www.libra-avocats.com\/es\/?s={search_term_string}"},"query-input":{"@type":"PropertyValueSpecification","valueRequired":true,"valueName":"search_term_string"}}],"inLanguage":"es"},{"@type":"Organization","@id":"https:\/\/www.libra-avocats.com\/es\/#organization","name":"Libra Avocats","url":"https:\/\/www.libra-avocats.com\/es\/","logo":{"@type":"ImageObject","inLanguage":"es","@id":"https:\/\/www.libra-avocats.com\/es\/#\/schema\/logo\/image\/","url":"https:\/\/www.libra-avocats.com\/wp-content\/uploads\/2020\/02\/logo_bottom.png","contentUrl":"https:\/\/www.libra-avocats.com\/wp-content\/uploads\/2020\/02\/logo_bottom.png","width":144,"height":43,"caption":"Libra Avocats"},"image":{"@id":"https:\/\/www.libra-avocats.com\/es\/#\/schema\/logo\/image\/"}}]}},"_links":{"self":[{"href":"https:\/\/www.libra-avocats.com\/es\/wp-json\/wp\/v2\/pages\/459","targetHints":{"allow":["GET"]}}],"collection":[{"href":"https:\/\/www.libra-avocats.com\/es\/wp-json\/wp\/v2\/pages"}],"about":[{"href":"https:\/\/www.libra-avocats.com\/es\/wp-json\/wp\/v2\/types\/page"}],"author":[{"embeddable":true,"href":"https:\/\/www.libra-avocats.com\/es\/wp-json\/wp\/v2\/users\/1"}],"replies":[{"embeddable":true,"href":"https:\/\/www.libra-avocats.com\/es\/wp-json\/wp\/v2\/comments?post=459"}],"version-history":[{"count":6,"href":"https:\/\/www.libra-avocats.com\/es\/wp-json\/wp\/v2\/pages\/459\/revisions"}],"predecessor-version":[{"id":1159,"href":"https:\/\/www.libra-avocats.com\/es\/wp-json\/wp\/v2\/pages\/459\/revisions\/1159"}],"up":[{"embeddable":true,"href":"https:\/\/www.libra-avocats.com\/es\/wp-json\/wp\/v2\/pages\/524"}],"wp:featuredmedia":[{"embeddable":true,"href":"https:\/\/www.libra-avocats.com\/es\/wp-json\/wp\/v2\/media\/1096"}],"wp:attachment":[{"href":"https:\/\/www.libra-avocats.com\/es\/wp-json\/wp\/v2\/media?parent=459"}],"curies":[{"name":"wp","href":"https:\/\/api.w.org\/{rel}","templated":true}]}}