{"id":457,"date":"2020-02-17T16:58:23","date_gmt":"2020-02-17T15:58:23","guid":{"rendered":"https:\/\/www.libra-avocats.com\/frances-auchincloss-goldsmith\/"},"modified":"2025-10-01T11:37:34","modified_gmt":"2025-10-01T09:37:34","slug":"frances-auchincloss-goldsmith","status":"publish","type":"page","link":"https:\/\/www.libra-avocats.com\/es\/el-equipo\/frances-auchincloss-goldsmith\/","title":{"rendered":"Frances Auchincloss Goldsmith"},"content":{"rendered":"\n<p class=\"has-text-align-center accroche\">Socia<\/p>\n\n<div class=\"wp-block-group button-container\"><div class=\"wp-block-group__inner-container is-layout-flow wp-block-group-is-layout-flow\">\n<div class=\"wp-block-button phone\"><a class=\"wp-block-button__link wp-element-button\" href=\"tel:+33142840707\">Telefonear a Frances<\/a><\/div>\n\n\n\n<div class=\"wp-block-button mail\"><a class=\"wp-block-button__link wp-element-button\" href=\"mailto:fgoldsmith@libra-avocats.com\">Llamar a Frances<\/a><\/div>\n<\/div><\/div>\n\n<p>Frances Auchincloss Goldsmith es abogada del colegio de abogados de Par\u00eds desde 2011. De nacionalidad francesa y estadounidense, ha desarrollado <strong>un muy valioso conocimiento sobre el derecho internacional privado franc\u00e9s, <\/strong>correspondi\u00e9ndole a menudo aconsejar a sus clientes sobre consecuencias jur\u00eddicas en Francia.<\/p>\n\n<p>Frances ha sido incluida durante varios a\u00f1os en la clasificaci\u00f3n Chambers High Net Worth: \u00abSus consejos son siempre pertinentes y su enfoque es muy detallado\u00bb; \u00abSiempre me siento c\u00f3modo confi\u00e1ndole los casos; es muy receptiva y la interacci\u00f3n con ella es muy agradable\u00bb. Es especialmente reconocida por su gesti\u00f3n de casos a gran escala que involucran m\u00faltiples jurisdicciones.<\/p>\n\n<p>Habiendo trabajado como colaboradora en el departamento de litigaci\u00f3n de un bufete de abogados comerciales, decidi\u00f3 partir en 2014 para presenciar la fundaci\u00f3n del despacho de abogados Libra Avocats, del cual es actualmente socia.<\/p>\n\n<p>Tiene una experiencia particular en la resoluci\u00f3n de situaciones financieras complejas, ya sea en litigios, negociaciones o en la elaboraci\u00f3n de contratos matrimoniales con dimensi\u00f3n internacional. Frances transmite en todos sus casos su verdadero deseo de acompa\u00f1ar a sus clientes a superar las situaciones de crisis, ya sean creadas por una separaci\u00f3n o una herencia. Su experiencia -en particular en importantes casos de litigio transnacional- le ha permitido desarrollar una <strong>pericia en materia de derecho internacional de la familia y en materia de sucesiones<\/strong>.<\/p>\n\n<p>Frances resuelve en sus expedientes cuestiones complejas de competencia internacional, legislaci\u00f3n aplicable y reconocimiento de resoluciones extranjeras, ya sean de pa\u00edses anglosajones, europeos o de Oriente Medio. Se ha labrado una reputaci\u00f3n por ser pragm\u00e1tica, reactiva y orientada a la b\u00fasqueda de soluciones concretas y duraderas.<\/p>\n\n<p>Frances tambi\u00e9n interviene asesorando a clientes institucionales en materia de\u00a0<strong>contenciosos comerciales y arbitraje internacional<\/strong>.<\/p>\n\n<p>Adem\u00e1s de litigar ante tribunales franceses para defender los derechos de sus clientes, ha sido tambi\u00e9n\u00a0<strong>personalmente designada como perito ante tribunales extranjeros, <\/strong>en contenciosos referentes a los reg\u00edmenes matrimoniales o a cuestiones complejas relacionadas con el desmembramiento del derecho de propiedad y de sucesi\u00f3n.<\/p>\n\n<p>Comit\u00e9s y distinciones : <\/p>\n\n<ul class=\"wp-block-list\">\n<li>TEP &#8211; STEP France<\/li>\n\n\n\n<li>Fellow de International Academy of Family Lawyers<\/li>\n\n\n\n<li>Miembro del Comit\u00e9 de Pensiones de la Academia Internacional de Abogados de Familia y codirector del grupo de trabajo en el \u00abdiscovery\u00bb internacional<\/li>\n\n\n\n<li>Presidente entre 2017 y 2019 del Family Law committee \u2013 American Bar Association \u2013 Section of International Law<\/li>\n\n\n\n<li>Ganadora en marzo de 2015 del \u00abQuinto Premio Anual de la Secci\u00f3n Europea de la IAML para J\u00f3venes Abogados de Familia\u00bb.<\/li>\n<\/ul>\n\n<h2 class=\"wp-block-heading\">Formaci\u00f3n<\/h2>\n\n<ul class=\"wp-block-list\">\n<li>Master 223 Droit du patrimoine professionnel, Universit\u00e9 de Paris Dauphine.<\/li>\n\n\n\n<li>Ma\u00eetrise en Sciences de Gestion &#8211; Droit des affaires internationales, Universit\u00e9 de Paris Dauphine.<\/li>\n\n\n\n<li>Bachelor of Arts, concentration en Economie, Washington &amp; Lee University.<\/li>\n<\/ul>\n","protected":false},"excerpt":{"rendered":"<p>Socia Frances Auchincloss Goldsmith es abogada del colegio de abogados de Par\u00eds desde 2011. De nacionalidad francesa y estadounidense, ha desarrollado un muy valioso conocimiento sobre el derecho internacional privado &#8230;<\/p>\n","protected":false},"author":1,"featured_media":1092,"parent":524,"menu_order":0,"comment_status":"closed","ping_status":"closed","template":"","meta":{"_acf_changed":false,"footnotes":""},"class_list":["post-457","page","type-page","status-publish","has-post-thumbnail","hentry"],"acf":[],"yoast_head":"<!-- This site is optimized with the Yoast SEO plugin v27.3 - https:\/\/yoast.com\/product\/yoast-seo-wordpress\/ -->\n<title>Frances Auchincloss Goldsmith - Libra Avocats<\/title>\n<meta name=\"robots\" content=\"index, follow, max-snippet:-1, max-image-preview:large, max-video-preview:-1\" \/>\n<link rel=\"canonical\" href=\"https:\/\/www.libra-avocats.com\/es\/el-equipo\/frances-auchincloss-goldsmith\/\" \/>\n<meta property=\"og:locale\" content=\"es_ES\" \/>\n<meta property=\"og:type\" content=\"article\" \/>\n<meta property=\"og:title\" content=\"Frances Auchincloss Goldsmith - Libra Avocats\" \/>\n<meta property=\"og:description\" content=\"Socia Frances Auchincloss Goldsmith es abogada del colegio de abogados de Par\u00eds desde 2011. De nacionalidad francesa y estadounidense, ha desarrollado un muy valioso conocimiento sobre el derecho internacional privado ...\" \/>\n<meta property=\"og:url\" content=\"https:\/\/www.libra-avocats.com\/es\/el-equipo\/frances-auchincloss-goldsmith\/\" \/>\n<meta property=\"og:site_name\" content=\"Libra Avocats\" \/>\n<meta property=\"article:modified_time\" content=\"2025-10-01T09:37:34+00:00\" \/>\n<meta property=\"og:image\" content=\"https:\/\/www.libra-avocats.com\/wp-content\/uploads\/2022\/07\/frances_banner_2022.jpg\" \/>\n\t<meta property=\"og:image:width\" content=\"1920\" \/>\n\t<meta property=\"og:image:height\" content=\"499\" \/>\n\t<meta property=\"og:image:type\" content=\"image\/jpeg\" \/>\n<meta name=\"twitter:card\" content=\"summary_large_image\" \/>\n<meta name=\"twitter:label1\" content=\"Tiempo de lectura\" \/>\n\t<meta name=\"twitter:data1\" content=\"2 minutos\" \/>\n<script type=\"application\/ld+json\" class=\"yoast-schema-graph\">{\"@context\":\"https:\\\/\\\/schema.org\",\"@graph\":[{\"@type\":\"WebPage\",\"@id\":\"https:\\\/\\\/www.libra-avocats.com\\\/es\\\/el-equipo\\\/frances-auchincloss-goldsmith\\\/\",\"url\":\"https:\\\/\\\/www.libra-avocats.com\\\/es\\\/el-equipo\\\/frances-auchincloss-goldsmith\\\/\",\"name\":\"Frances Auchincloss Goldsmith - Libra Avocats\",\"isPartOf\":{\"@id\":\"https:\\\/\\\/www.libra-avocats.com\\\/es\\\/#website\"},\"primaryImageOfPage\":{\"@id\":\"https:\\\/\\\/www.libra-avocats.com\\\/es\\\/el-equipo\\\/frances-auchincloss-goldsmith\\\/#primaryimage\"},\"image\":{\"@id\":\"https:\\\/\\\/www.libra-avocats.com\\\/es\\\/el-equipo\\\/frances-auchincloss-goldsmith\\\/#primaryimage\"},\"thumbnailUrl\":\"https:\\\/\\\/www.libra-avocats.com\\\/wp-content\\\/uploads\\\/2022\\\/07\\\/frances_banner_2022.jpg\",\"datePublished\":\"2020-02-17T15:58:23+00:00\",\"dateModified\":\"2025-10-01T09:37:34+00:00\",\"breadcrumb\":{\"@id\":\"https:\\\/\\\/www.libra-avocats.com\\\/es\\\/el-equipo\\\/frances-auchincloss-goldsmith\\\/#breadcrumb\"},\"inLanguage\":\"es\",\"potentialAction\":[{\"@type\":\"ReadAction\",\"target\":[\"https:\\\/\\\/www.libra-avocats.com\\\/es\\\/el-equipo\\\/frances-auchincloss-goldsmith\\\/\"]}]},{\"@type\":\"ImageObject\",\"inLanguage\":\"es\",\"@id\":\"https:\\\/\\\/www.libra-avocats.com\\\/es\\\/el-equipo\\\/frances-auchincloss-goldsmith\\\/#primaryimage\",\"url\":\"https:\\\/\\\/www.libra-avocats.com\\\/wp-content\\\/uploads\\\/2022\\\/07\\\/frances_banner_2022.jpg\",\"contentUrl\":\"https:\\\/\\\/www.libra-avocats.com\\\/wp-content\\\/uploads\\\/2022\\\/07\\\/frances_banner_2022.jpg\",\"width\":1920,\"height\":499,\"caption\":\"Frances Auchincloss Goldsmith\"},{\"@type\":\"BreadcrumbList\",\"@id\":\"https:\\\/\\\/www.libra-avocats.com\\\/es\\\/el-equipo\\\/frances-auchincloss-goldsmith\\\/#breadcrumb\",\"itemListElement\":[{\"@type\":\"ListItem\",\"position\":1,\"name\":\"Accueil\",\"item\":\"https:\\\/\\\/www.libra-avocats.com\\\/es\\\/\"},{\"@type\":\"ListItem\",\"position\":2,\"name\":\"El equipo\",\"item\":\"https:\\\/\\\/www.libra-avocats.com\\\/es\\\/el-equipo\\\/\"},{\"@type\":\"ListItem\",\"position\":3,\"name\":\"Frances Auchincloss Goldsmith\"}]},{\"@type\":\"WebSite\",\"@id\":\"https:\\\/\\\/www.libra-avocats.com\\\/es\\\/#website\",\"url\":\"https:\\\/\\\/www.libra-avocats.com\\\/es\\\/\",\"name\":\"Libra Avocats\",\"description\":\"Cabinets d&#039;avocats\",\"publisher\":{\"@id\":\"https:\\\/\\\/www.libra-avocats.com\\\/es\\\/#organization\"},\"potentialAction\":[{\"@type\":\"SearchAction\",\"target\":{\"@type\":\"EntryPoint\",\"urlTemplate\":\"https:\\\/\\\/www.libra-avocats.com\\\/es\\\/?s={search_term_string}\"},\"query-input\":{\"@type\":\"PropertyValueSpecification\",\"valueRequired\":true,\"valueName\":\"search_term_string\"}}],\"inLanguage\":\"es\"},{\"@type\":\"Organization\",\"@id\":\"https:\\\/\\\/www.libra-avocats.com\\\/es\\\/#organization\",\"name\":\"Libra Avocats\",\"url\":\"https:\\\/\\\/www.libra-avocats.com\\\/es\\\/\",\"logo\":{\"@type\":\"ImageObject\",\"inLanguage\":\"es\",\"@id\":\"https:\\\/\\\/www.libra-avocats.com\\\/es\\\/#\\\/schema\\\/logo\\\/image\\\/\",\"url\":\"https:\\\/\\\/www.libra-avocats.com\\\/wp-content\\\/uploads\\\/2020\\\/02\\\/logo_bottom.png\",\"contentUrl\":\"https:\\\/\\\/www.libra-avocats.com\\\/wp-content\\\/uploads\\\/2020\\\/02\\\/logo_bottom.png\",\"width\":144,\"height\":43,\"caption\":\"Libra Avocats\"},\"image\":{\"@id\":\"https:\\\/\\\/www.libra-avocats.com\\\/es\\\/#\\\/schema\\\/logo\\\/image\\\/\"}}]}<\/script>\n<!-- \/ Yoast SEO plugin. -->","yoast_head_json":{"title":"Frances Auchincloss Goldsmith - Libra Avocats","robots":{"index":"index","follow":"follow","max-snippet":"max-snippet:-1","max-image-preview":"max-image-preview:large","max-video-preview":"max-video-preview:-1"},"canonical":"https:\/\/www.libra-avocats.com\/es\/el-equipo\/frances-auchincloss-goldsmith\/","og_locale":"es_ES","og_type":"article","og_title":"Frances Auchincloss Goldsmith - Libra Avocats","og_description":"Socia Frances Auchincloss Goldsmith es abogada del colegio de abogados de Par\u00eds desde 2011. De nacionalidad francesa y estadounidense, ha desarrollado un muy valioso conocimiento sobre el derecho internacional privado ...","og_url":"https:\/\/www.libra-avocats.com\/es\/el-equipo\/frances-auchincloss-goldsmith\/","og_site_name":"Libra Avocats","article_modified_time":"2025-10-01T09:37:34+00:00","og_image":[{"width":1920,"height":499,"url":"https:\/\/www.libra-avocats.com\/wp-content\/uploads\/2022\/07\/frances_banner_2022.jpg","type":"image\/jpeg"}],"twitter_card":"summary_large_image","twitter_misc":{"Tiempo de lectura":"2 minutos"},"schema":{"@context":"https:\/\/schema.org","@graph":[{"@type":"WebPage","@id":"https:\/\/www.libra-avocats.com\/es\/el-equipo\/frances-auchincloss-goldsmith\/","url":"https:\/\/www.libra-avocats.com\/es\/el-equipo\/frances-auchincloss-goldsmith\/","name":"Frances Auchincloss Goldsmith - Libra Avocats","isPartOf":{"@id":"https:\/\/www.libra-avocats.com\/es\/#website"},"primaryImageOfPage":{"@id":"https:\/\/www.libra-avocats.com\/es\/el-equipo\/frances-auchincloss-goldsmith\/#primaryimage"},"image":{"@id":"https:\/\/www.libra-avocats.com\/es\/el-equipo\/frances-auchincloss-goldsmith\/#primaryimage"},"thumbnailUrl":"https:\/\/www.libra-avocats.com\/wp-content\/uploads\/2022\/07\/frances_banner_2022.jpg","datePublished":"2020-02-17T15:58:23+00:00","dateModified":"2025-10-01T09:37:34+00:00","breadcrumb":{"@id":"https:\/\/www.libra-avocats.com\/es\/el-equipo\/frances-auchincloss-goldsmith\/#breadcrumb"},"inLanguage":"es","potentialAction":[{"@type":"ReadAction","target":["https:\/\/www.libra-avocats.com\/es\/el-equipo\/frances-auchincloss-goldsmith\/"]}]},{"@type":"ImageObject","inLanguage":"es","@id":"https:\/\/www.libra-avocats.com\/es\/el-equipo\/frances-auchincloss-goldsmith\/#primaryimage","url":"https:\/\/www.libra-avocats.com\/wp-content\/uploads\/2022\/07\/frances_banner_2022.jpg","contentUrl":"https:\/\/www.libra-avocats.com\/wp-content\/uploads\/2022\/07\/frances_banner_2022.jpg","width":1920,"height":499,"caption":"Frances Auchincloss Goldsmith"},{"@type":"BreadcrumbList","@id":"https:\/\/www.libra-avocats.com\/es\/el-equipo\/frances-auchincloss-goldsmith\/#breadcrumb","itemListElement":[{"@type":"ListItem","position":1,"name":"Accueil","item":"https:\/\/www.libra-avocats.com\/es\/"},{"@type":"ListItem","position":2,"name":"El equipo","item":"https:\/\/www.libra-avocats.com\/es\/el-equipo\/"},{"@type":"ListItem","position":3,"name":"Frances Auchincloss Goldsmith"}]},{"@type":"WebSite","@id":"https:\/\/www.libra-avocats.com\/es\/#website","url":"https:\/\/www.libra-avocats.com\/es\/","name":"Libra Avocats","description":"Cabinets d&#039;avocats","publisher":{"@id":"https:\/\/www.libra-avocats.com\/es\/#organization"},"potentialAction":[{"@type":"SearchAction","target":{"@type":"EntryPoint","urlTemplate":"https:\/\/www.libra-avocats.com\/es\/?s={search_term_string}"},"query-input":{"@type":"PropertyValueSpecification","valueRequired":true,"valueName":"search_term_string"}}],"inLanguage":"es"},{"@type":"Organization","@id":"https:\/\/www.libra-avocats.com\/es\/#organization","name":"Libra Avocats","url":"https:\/\/www.libra-avocats.com\/es\/","logo":{"@type":"ImageObject","inLanguage":"es","@id":"https:\/\/www.libra-avocats.com\/es\/#\/schema\/logo\/image\/","url":"https:\/\/www.libra-avocats.com\/wp-content\/uploads\/2020\/02\/logo_bottom.png","contentUrl":"https:\/\/www.libra-avocats.com\/wp-content\/uploads\/2020\/02\/logo_bottom.png","width":144,"height":43,"caption":"Libra Avocats"},"image":{"@id":"https:\/\/www.libra-avocats.com\/es\/#\/schema\/logo\/image\/"}}]}},"_links":{"self":[{"href":"https:\/\/www.libra-avocats.com\/es\/wp-json\/wp\/v2\/pages\/457","targetHints":{"allow":["GET"]}}],"collection":[{"href":"https:\/\/www.libra-avocats.com\/es\/wp-json\/wp\/v2\/pages"}],"about":[{"href":"https:\/\/www.libra-avocats.com\/es\/wp-json\/wp\/v2\/types\/page"}],"author":[{"embeddable":true,"href":"https:\/\/www.libra-avocats.com\/es\/wp-json\/wp\/v2\/users\/1"}],"replies":[{"embeddable":true,"href":"https:\/\/www.libra-avocats.com\/es\/wp-json\/wp\/v2\/comments?post=457"}],"version-history":[{"count":5,"href":"https:\/\/www.libra-avocats.com\/es\/wp-json\/wp\/v2\/pages\/457\/revisions"}],"predecessor-version":[{"id":1244,"href":"https:\/\/www.libra-avocats.com\/es\/wp-json\/wp\/v2\/pages\/457\/revisions\/1244"}],"up":[{"embeddable":true,"href":"https:\/\/www.libra-avocats.com\/es\/wp-json\/wp\/v2\/pages\/524"}],"wp:featuredmedia":[{"embeddable":true,"href":"https:\/\/www.libra-avocats.com\/es\/wp-json\/wp\/v2\/media\/1092"}],"wp:attachment":[{"href":"https:\/\/www.libra-avocats.com\/es\/wp-json\/wp\/v2\/media?parent=457"}],"curies":[{"name":"wp","href":"https:\/\/api.w.org\/{rel}","templated":true}]}}