{"id":455,"date":"2020-02-17T16:55:35","date_gmt":"2020-02-17T15:55:35","guid":{"rendered":"https:\/\/www.libra-avocats.com\/delphine-eskenazi\/"},"modified":"2026-01-21T17:46:27","modified_gmt":"2026-01-21T16:46:27","slug":"delphine-eskenazi","status":"publish","type":"page","link":"https:\/\/www.libra-avocats.com\/es\/el-equipo\/delphine-eskenazi\/","title":{"rendered":"Delphine Eskenazi"},"content":{"rendered":"\n<p class=\"has-text-align-center accroche\">Socia<\/p>\n\n\n\n<div class=\"wp-block-group button-container\"><div class=\"wp-block-group__inner-container is-layout-flow wp-block-group-is-layout-flow\">\n<div class=\"wp-block-button phone\"><a class=\"wp-block-button__link wp-element-button\" href=\"tel:+33142840707\">Llamar a Delphine<\/a><\/div>\n\n\n\n<div class=\"wp-block-button mail\"><a class=\"wp-block-button__link wp-element-button\" href=\"mailto:deskenazi@libra-avocats.com\">Escribir a Delphine<\/a><\/div>\n<\/div><\/div>\n\n\n\n<p>Delphine Eskenazi es abogada del colegio de abogados de Nueva York y del colegio de abogados de Par\u00eds desde 2003 y 2004, respectivamente. Es titular de un grado de Master en Derecho de la Universit\u00e9 Paris I &#8211; Panth\u00e9on Sorbonne y de un Doctorado de Derecho Estadounidense del Cornell Law School (JD, <em>Summa Cum Laude<\/em>).<\/p>\n\n\n\n<p>Ha ejercido durante m\u00e1s de diez a\u00f1os en prestigiosas firmas de abogados comerciales franceses e internacionales (Bird &amp; Bird, UGGC Avocats).<\/p>\n\n\n\n<p>Interviene regularmente como experta en asuntos de derecho franc\u00e9s ante jurisdicciones extranjeras, <strong>en el marco de litigios internacionales complejos.<\/strong><\/p>\n\n\n\n<p>Delphine Eskenazi asesora adem\u00e1s a una clientela privada en <strong>asuntos de problem\u00e1ticas familiares.<\/strong> Ha desarrollado una experticia particular en cuestiones de derecho internacional de familia, en particular en <strong>contenciosos complejos sobre los aspectos financieros del divorcio<\/strong>. Tambi\u00e9n asesora de forma recurrente a clientes por cuestiones vinculadas <strong>con las capitulaciones matrimoniales o acuerdos prenupciales (<em>prenuptial agreement), <\/em>en un contexto internacional.<\/strong><\/p>\n\n\n\n<p>Delphine Eskenazi tambi\u00e9n interviene en casos internacionales <strong>en materia de filiaci\u00f3n<\/strong>. Especialmente en cuestiones de reconocimiento en Francia de la filiaci\u00f3n en casos d<strong>e adopciones en el extranjero as\u00ed como en casos en los que la concepci\u00f3n del ni\u00f1o se hace mediante recurso a maternidad subrogada o a t\u00e9cnicas de reproducci\u00f3n asistida<\/strong>. <\/p>\n\n\n\n<p>Delphine Eskenazi tambi\u00e9n se ha formado como <strong>mediadora <\/strong>e interviene tanto en <strong>mediaciones internas<\/strong> como <strong>internacionales<\/strong>. Es la <strong>Presidenta de la French-American Bar Association. <\/strong><\/p>\n\n\n\n<p>Miembro del instituto&nbsp;<em>Art<\/em>&nbsp;&amp; <em>Droit<\/em>, autora en la obra de referencia sobre el Derecho del Mercado del Arte, aconseja a menudo a clientes en contenciosos relacionados con <strong>la autenticidad de las obras de arte<\/strong>.<\/p>\n","protected":false},"excerpt":{"rendered":"<p>Socia Delphine Eskenazi es abogada del colegio de abogados de Nueva York y del colegio de abogados de Par\u00eds desde 2003 y 2004, respectivamente. Es titular de un grado de &#8230;<\/p>\n","protected":false},"author":1,"featured_media":465,"parent":524,"menu_order":0,"comment_status":"closed","ping_status":"closed","template":"","meta":{"_acf_changed":false,"footnotes":""},"class_list":["post-455","page","type-page","status-publish","has-post-thumbnail","hentry"],"acf":[],"yoast_head":"<!-- This site is optimized with the Yoast SEO plugin v27.3 - https:\/\/yoast.com\/product\/yoast-seo-wordpress\/ -->\n<title>Delphine Eskenazi - Libra Avocats<\/title>\n<meta name=\"robots\" content=\"index, follow, max-snippet:-1, max-image-preview:large, max-video-preview:-1\" \/>\n<link rel=\"canonical\" href=\"https:\/\/www.libra-avocats.com\/es\/el-equipo\/delphine-eskenazi\/\" \/>\n<meta property=\"og:locale\" content=\"es_ES\" \/>\n<meta property=\"og:type\" content=\"article\" \/>\n<meta property=\"og:title\" content=\"Delphine Eskenazi - Libra Avocats\" \/>\n<meta property=\"og:description\" content=\"Socia Delphine Eskenazi es abogada del colegio de abogados de Nueva York y del colegio de abogados de Par\u00eds desde 2003 y 2004, respectivamente. Es titular de un grado de ...\" \/>\n<meta property=\"og:url\" content=\"https:\/\/www.libra-avocats.com\/es\/el-equipo\/delphine-eskenazi\/\" \/>\n<meta property=\"og:site_name\" content=\"Libra Avocats\" \/>\n<meta property=\"article:modified_time\" content=\"2026-01-21T16:46:27+00:00\" \/>\n<meta property=\"og:image\" content=\"https:\/\/www.libra-avocats.com\/wp-content\/uploads\/2020\/02\/banner_delphine.jpg\" \/>\n\t<meta property=\"og:image:width\" content=\"1920\" \/>\n\t<meta property=\"og:image:height\" content=\"499\" \/>\n\t<meta property=\"og:image:type\" content=\"image\/jpeg\" \/>\n<meta name=\"twitter:card\" content=\"summary_large_image\" \/>\n<meta name=\"twitter:label1\" content=\"Tiempo de lectura\" \/>\n\t<meta name=\"twitter:data1\" content=\"2 minutos\" \/>\n<script type=\"application\/ld+json\" class=\"yoast-schema-graph\">{\"@context\":\"https:\\\/\\\/schema.org\",\"@graph\":[{\"@type\":\"WebPage\",\"@id\":\"https:\\\/\\\/www.libra-avocats.com\\\/es\\\/el-equipo\\\/delphine-eskenazi\\\/\",\"url\":\"https:\\\/\\\/www.libra-avocats.com\\\/es\\\/el-equipo\\\/delphine-eskenazi\\\/\",\"name\":\"Delphine Eskenazi - Libra Avocats\",\"isPartOf\":{\"@id\":\"https:\\\/\\\/www.libra-avocats.com\\\/es\\\/#website\"},\"primaryImageOfPage\":{\"@id\":\"https:\\\/\\\/www.libra-avocats.com\\\/es\\\/el-equipo\\\/delphine-eskenazi\\\/#primaryimage\"},\"image\":{\"@id\":\"https:\\\/\\\/www.libra-avocats.com\\\/es\\\/el-equipo\\\/delphine-eskenazi\\\/#primaryimage\"},\"thumbnailUrl\":\"https:\\\/\\\/www.libra-avocats.com\\\/wp-content\\\/uploads\\\/2020\\\/02\\\/banner_delphine.jpg\",\"datePublished\":\"2020-02-17T15:55:35+00:00\",\"dateModified\":\"2026-01-21T16:46:27+00:00\",\"breadcrumb\":{\"@id\":\"https:\\\/\\\/www.libra-avocats.com\\\/es\\\/el-equipo\\\/delphine-eskenazi\\\/#breadcrumb\"},\"inLanguage\":\"es\",\"potentialAction\":[{\"@type\":\"ReadAction\",\"target\":[\"https:\\\/\\\/www.libra-avocats.com\\\/es\\\/el-equipo\\\/delphine-eskenazi\\\/\"]}]},{\"@type\":\"ImageObject\",\"inLanguage\":\"es\",\"@id\":\"https:\\\/\\\/www.libra-avocats.com\\\/es\\\/el-equipo\\\/delphine-eskenazi\\\/#primaryimage\",\"url\":\"https:\\\/\\\/www.libra-avocats.com\\\/wp-content\\\/uploads\\\/2020\\\/02\\\/banner_delphine.jpg\",\"contentUrl\":\"https:\\\/\\\/www.libra-avocats.com\\\/wp-content\\\/uploads\\\/2020\\\/02\\\/banner_delphine.jpg\",\"width\":1920,\"height\":499,\"caption\":\"Delphine Eskenazi\"},{\"@type\":\"BreadcrumbList\",\"@id\":\"https:\\\/\\\/www.libra-avocats.com\\\/es\\\/el-equipo\\\/delphine-eskenazi\\\/#breadcrumb\",\"itemListElement\":[{\"@type\":\"ListItem\",\"position\":1,\"name\":\"Accueil\",\"item\":\"https:\\\/\\\/www.libra-avocats.com\\\/es\\\/\"},{\"@type\":\"ListItem\",\"position\":2,\"name\":\"El equipo\",\"item\":\"https:\\\/\\\/www.libra-avocats.com\\\/es\\\/el-equipo\\\/\"},{\"@type\":\"ListItem\",\"position\":3,\"name\":\"Delphine Eskenazi\"}]},{\"@type\":\"WebSite\",\"@id\":\"https:\\\/\\\/www.libra-avocats.com\\\/es\\\/#website\",\"url\":\"https:\\\/\\\/www.libra-avocats.com\\\/es\\\/\",\"name\":\"Libra Avocats\",\"description\":\"Cabinets d&#039;avocats\",\"publisher\":{\"@id\":\"https:\\\/\\\/www.libra-avocats.com\\\/es\\\/#organization\"},\"potentialAction\":[{\"@type\":\"SearchAction\",\"target\":{\"@type\":\"EntryPoint\",\"urlTemplate\":\"https:\\\/\\\/www.libra-avocats.com\\\/es\\\/?s={search_term_string}\"},\"query-input\":{\"@type\":\"PropertyValueSpecification\",\"valueRequired\":true,\"valueName\":\"search_term_string\"}}],\"inLanguage\":\"es\"},{\"@type\":\"Organization\",\"@id\":\"https:\\\/\\\/www.libra-avocats.com\\\/es\\\/#organization\",\"name\":\"Libra Avocats\",\"url\":\"https:\\\/\\\/www.libra-avocats.com\\\/es\\\/\",\"logo\":{\"@type\":\"ImageObject\",\"inLanguage\":\"es\",\"@id\":\"https:\\\/\\\/www.libra-avocats.com\\\/es\\\/#\\\/schema\\\/logo\\\/image\\\/\",\"url\":\"https:\\\/\\\/www.libra-avocats.com\\\/wp-content\\\/uploads\\\/2020\\\/02\\\/logo_bottom.png\",\"contentUrl\":\"https:\\\/\\\/www.libra-avocats.com\\\/wp-content\\\/uploads\\\/2020\\\/02\\\/logo_bottom.png\",\"width\":144,\"height\":43,\"caption\":\"Libra Avocats\"},\"image\":{\"@id\":\"https:\\\/\\\/www.libra-avocats.com\\\/es\\\/#\\\/schema\\\/logo\\\/image\\\/\"}}]}<\/script>\n<!-- \/ Yoast SEO plugin. -->","yoast_head_json":{"title":"Delphine Eskenazi - Libra Avocats","robots":{"index":"index","follow":"follow","max-snippet":"max-snippet:-1","max-image-preview":"max-image-preview:large","max-video-preview":"max-video-preview:-1"},"canonical":"https:\/\/www.libra-avocats.com\/es\/el-equipo\/delphine-eskenazi\/","og_locale":"es_ES","og_type":"article","og_title":"Delphine Eskenazi - Libra Avocats","og_description":"Socia Delphine Eskenazi es abogada del colegio de abogados de Nueva York y del colegio de abogados de Par\u00eds desde 2003 y 2004, respectivamente. Es titular de un grado de ...","og_url":"https:\/\/www.libra-avocats.com\/es\/el-equipo\/delphine-eskenazi\/","og_site_name":"Libra Avocats","article_modified_time":"2026-01-21T16:46:27+00:00","og_image":[{"width":1920,"height":499,"url":"https:\/\/www.libra-avocats.com\/wp-content\/uploads\/2020\/02\/banner_delphine.jpg","type":"image\/jpeg"}],"twitter_card":"summary_large_image","twitter_misc":{"Tiempo de lectura":"2 minutos"},"schema":{"@context":"https:\/\/schema.org","@graph":[{"@type":"WebPage","@id":"https:\/\/www.libra-avocats.com\/es\/el-equipo\/delphine-eskenazi\/","url":"https:\/\/www.libra-avocats.com\/es\/el-equipo\/delphine-eskenazi\/","name":"Delphine Eskenazi - Libra Avocats","isPartOf":{"@id":"https:\/\/www.libra-avocats.com\/es\/#website"},"primaryImageOfPage":{"@id":"https:\/\/www.libra-avocats.com\/es\/el-equipo\/delphine-eskenazi\/#primaryimage"},"image":{"@id":"https:\/\/www.libra-avocats.com\/es\/el-equipo\/delphine-eskenazi\/#primaryimage"},"thumbnailUrl":"https:\/\/www.libra-avocats.com\/wp-content\/uploads\/2020\/02\/banner_delphine.jpg","datePublished":"2020-02-17T15:55:35+00:00","dateModified":"2026-01-21T16:46:27+00:00","breadcrumb":{"@id":"https:\/\/www.libra-avocats.com\/es\/el-equipo\/delphine-eskenazi\/#breadcrumb"},"inLanguage":"es","potentialAction":[{"@type":"ReadAction","target":["https:\/\/www.libra-avocats.com\/es\/el-equipo\/delphine-eskenazi\/"]}]},{"@type":"ImageObject","inLanguage":"es","@id":"https:\/\/www.libra-avocats.com\/es\/el-equipo\/delphine-eskenazi\/#primaryimage","url":"https:\/\/www.libra-avocats.com\/wp-content\/uploads\/2020\/02\/banner_delphine.jpg","contentUrl":"https:\/\/www.libra-avocats.com\/wp-content\/uploads\/2020\/02\/banner_delphine.jpg","width":1920,"height":499,"caption":"Delphine Eskenazi"},{"@type":"BreadcrumbList","@id":"https:\/\/www.libra-avocats.com\/es\/el-equipo\/delphine-eskenazi\/#breadcrumb","itemListElement":[{"@type":"ListItem","position":1,"name":"Accueil","item":"https:\/\/www.libra-avocats.com\/es\/"},{"@type":"ListItem","position":2,"name":"El equipo","item":"https:\/\/www.libra-avocats.com\/es\/el-equipo\/"},{"@type":"ListItem","position":3,"name":"Delphine Eskenazi"}]},{"@type":"WebSite","@id":"https:\/\/www.libra-avocats.com\/es\/#website","url":"https:\/\/www.libra-avocats.com\/es\/","name":"Libra Avocats","description":"Cabinets d&#039;avocats","publisher":{"@id":"https:\/\/www.libra-avocats.com\/es\/#organization"},"potentialAction":[{"@type":"SearchAction","target":{"@type":"EntryPoint","urlTemplate":"https:\/\/www.libra-avocats.com\/es\/?s={search_term_string}"},"query-input":{"@type":"PropertyValueSpecification","valueRequired":true,"valueName":"search_term_string"}}],"inLanguage":"es"},{"@type":"Organization","@id":"https:\/\/www.libra-avocats.com\/es\/#organization","name":"Libra Avocats","url":"https:\/\/www.libra-avocats.com\/es\/","logo":{"@type":"ImageObject","inLanguage":"es","@id":"https:\/\/www.libra-avocats.com\/es\/#\/schema\/logo\/image\/","url":"https:\/\/www.libra-avocats.com\/wp-content\/uploads\/2020\/02\/logo_bottom.png","contentUrl":"https:\/\/www.libra-avocats.com\/wp-content\/uploads\/2020\/02\/logo_bottom.png","width":144,"height":43,"caption":"Libra Avocats"},"image":{"@id":"https:\/\/www.libra-avocats.com\/es\/#\/schema\/logo\/image\/"}}]}},"_links":{"self":[{"href":"https:\/\/www.libra-avocats.com\/es\/wp-json\/wp\/v2\/pages\/455","targetHints":{"allow":["GET"]}}],"collection":[{"href":"https:\/\/www.libra-avocats.com\/es\/wp-json\/wp\/v2\/pages"}],"about":[{"href":"https:\/\/www.libra-avocats.com\/es\/wp-json\/wp\/v2\/types\/page"}],"author":[{"embeddable":true,"href":"https:\/\/www.libra-avocats.com\/es\/wp-json\/wp\/v2\/users\/1"}],"replies":[{"embeddable":true,"href":"https:\/\/www.libra-avocats.com\/es\/wp-json\/wp\/v2\/comments?post=455"}],"version-history":[{"count":6,"href":"https:\/\/www.libra-avocats.com\/es\/wp-json\/wp\/v2\/pages\/455\/revisions"}],"predecessor-version":[{"id":1258,"href":"https:\/\/www.libra-avocats.com\/es\/wp-json\/wp\/v2\/pages\/455\/revisions\/1258"}],"up":[{"embeddable":true,"href":"https:\/\/www.libra-avocats.com\/es\/wp-json\/wp\/v2\/pages\/524"}],"wp:featuredmedia":[{"embeddable":true,"href":"https:\/\/www.libra-avocats.com\/es\/wp-json\/wp\/v2\/media\/465"}],"wp:attachment":[{"href":"https:\/\/www.libra-avocats.com\/es\/wp-json\/wp\/v2\/media?parent=455"}],"curies":[{"name":"wp","href":"https:\/\/api.w.org\/{rel}","templated":true}]}}