{"id":451,"date":"2020-02-19T14:23:14","date_gmt":"2020-02-19T13:23:14","guid":{"rendered":"https:\/\/www.libra-avocats.com\/bernard-grelon\/"},"modified":"2020-02-24T10:57:49","modified_gmt":"2020-02-24T09:57:49","slug":"bernard-grelon","status":"publish","type":"page","link":"https:\/\/www.libra-avocats.com\/es\/el-equipo\/bernard-grelon\/","title":{"rendered":"Bernard Grelon"},"content":{"rendered":"\n<p class=\"has-text-align-center accroche\">Socio<\/p>\n\n<div class=\"wp-block-group button-container\"><div class=\"wp-block-group__inner-container is-layout-flow wp-block-group-is-layout-flow\">\n<div class=\"wp-block-button phone\"><a class=\"wp-block-button__link\" href=\"tel:+33142840707\">Llamar a Bernard<\/a><\/div>\n\n\n\n<div class=\"wp-block-button mail\"><a class=\"wp-block-button__link\" href=\"mailto:bgrelon@libra-avocats.com\">Escribir a Bernard<\/a><\/div>\n<\/div><\/div>\n\n<p>Bernard Grelon, catedr\u00e1tico en varias facultades de derecho, es abogado y profesor desde hace m\u00e1s de cuarenta a\u00f1os. Ha impartido la c\u00e1tedra de <strong>derecho comercial<\/strong> (procedimientos colectivos, derecho de sociedades, derecho comercial internacional, derecho de regulaciones) en la Universit\u00e9 de Paris 1, la Universit\u00e9 de Amiens y despu\u00e9s en Paris Dauphine, as\u00ed como en la \u00c9cole des Ponts.<\/p>\n\n<p>Abogado de numerosas instituciones p\u00fablicas e instituciones financieras, ha acumulado <strong>una profunda experiencia en el cruce entre problem\u00e1ticas p\u00fablicas y privadas<\/strong>, y tambi\u00e9n en derecho bancario, derecho p\u00fablico financiero y derecho comercial internacional. Dispone de gran experiencia en cuanto al arbitraje interno e internacional, tanto en condici\u00f3n de \u00e1rbitro como de abogado de las partes.<\/p>\n\n<p>Litigando ante el conjunto de las jurisdicciones judiciales y administrativas francesas, dispone de experiencia espec\u00edfica ante jurisdicciones especializadas como el Tribunal de Justicia de la Rep\u00fablica, el Tribunal de Cuentas o el Tribunal de Disciplina Presupuestaria y Financiera. <\/p>\n\n<p>Consejero de varios dirigentes, dispone de una importante experiencia en derecho penal econ\u00f3mico y financiero, y ha gestionado expedientes emblem\u00e1ticos, a veces con fuerte exposici\u00f3n en los medios de comunicaci\u00f3n, lo que <strong>exige un muy alto grado de confidencialidad<\/strong> as\u00ed como la aplicaci\u00f3n de estrategias de defensa imaginativas.<\/p>\n\n<p>Ha desarrollado en particular una actividad de consejero y de litigante en el marco de <strong>proyectos industriales importantes, que re\u00fanen actores p\u00fablicos y privados<\/strong>. Particip\u00f3 en la elaboraci\u00f3n del proyecto de nuevo c\u00f3digo minero iniciado por el gobierno franc\u00e9s en 2012.<\/p>\n\n<p>Bernard Grelon fue uno de los fundadores de la firma de abogados UGGC Avocats, en la cual fue socio durante m\u00e1s de 20 a\u00f1os.<\/p>\n\n<p>Ha participado al m\u00e1s alto nivel en numerosas organizaciones internacionales universitarias y profesionales: Asociaci\u00f3n Internacional de Derecho Econ\u00f3mico, Uni\u00f3n Internacional de Abogados, Instituto Franc\u00e9s de Administradores, AFFIC.<\/p>\n\n<p>Es autor de numerosos art\u00edculos y conferencias tanto en Francia como en el extranjero.<\/p>\n","protected":false},"excerpt":{"rendered":"<p>Socio Bernard Grelon, catedr\u00e1tico en varias facultades de derecho, es abogado y profesor desde hace m\u00e1s de cuarenta a\u00f1os. Ha impartido la c\u00e1tedra de derecho comercial (procedimientos colectivos, derecho de &#8230;<\/p>\n","protected":false},"author":1,"featured_media":397,"parent":524,"menu_order":0,"comment_status":"closed","ping_status":"closed","template":"","meta":{"_acf_changed":false,"footnotes":""},"class_list":["post-451","page","type-page","status-publish","has-post-thumbnail","hentry"],"acf":[],"yoast_head":"<!-- This site is optimized with the Yoast SEO plugin v27.3 - https:\/\/yoast.com\/product\/yoast-seo-wordpress\/ -->\n<title>Bernard Grelon - Libra Avocats<\/title>\n<meta name=\"robots\" content=\"index, follow, max-snippet:-1, max-image-preview:large, max-video-preview:-1\" \/>\n<link rel=\"canonical\" href=\"https:\/\/www.libra-avocats.com\/es\/el-equipo\/bernard-grelon\/\" \/>\n<meta property=\"og:locale\" content=\"es_ES\" \/>\n<meta property=\"og:type\" content=\"article\" \/>\n<meta property=\"og:title\" content=\"Bernard Grelon - Libra Avocats\" \/>\n<meta property=\"og:description\" content=\"Socio Bernard Grelon, catedr\u00e1tico en varias facultades de derecho, es abogado y profesor desde hace m\u00e1s de cuarenta a\u00f1os. Ha impartido la c\u00e1tedra de derecho comercial (procedimientos colectivos, derecho de ...\" \/>\n<meta property=\"og:url\" content=\"https:\/\/www.libra-avocats.com\/es\/el-equipo\/bernard-grelon\/\" \/>\n<meta property=\"og:site_name\" content=\"Libra Avocats\" \/>\n<meta property=\"article:modified_time\" content=\"2020-02-24T09:57:49+00:00\" \/>\n<meta property=\"og:image\" content=\"https:\/\/www.libra-avocats.com\/wp-content\/uploads\/2020\/02\/bernard_banner.jpg\" \/>\n\t<meta property=\"og:image:width\" content=\"1920\" \/>\n\t<meta property=\"og:image:height\" content=\"499\" \/>\n\t<meta property=\"og:image:type\" content=\"image\/jpeg\" \/>\n<meta name=\"twitter:card\" content=\"summary_large_image\" \/>\n<meta name=\"twitter:label1\" content=\"Tiempo de lectura\" \/>\n\t<meta name=\"twitter:data1\" content=\"2 minutos\" \/>\n<script type=\"application\/ld+json\" class=\"yoast-schema-graph\">{\"@context\":\"https:\\\/\\\/schema.org\",\"@graph\":[{\"@type\":\"WebPage\",\"@id\":\"https:\\\/\\\/www.libra-avocats.com\\\/es\\\/el-equipo\\\/bernard-grelon\\\/\",\"url\":\"https:\\\/\\\/www.libra-avocats.com\\\/es\\\/el-equipo\\\/bernard-grelon\\\/\",\"name\":\"Bernard Grelon - Libra Avocats\",\"isPartOf\":{\"@id\":\"https:\\\/\\\/www.libra-avocats.com\\\/es\\\/#website\"},\"primaryImageOfPage\":{\"@id\":\"https:\\\/\\\/www.libra-avocats.com\\\/es\\\/el-equipo\\\/bernard-grelon\\\/#primaryimage\"},\"image\":{\"@id\":\"https:\\\/\\\/www.libra-avocats.com\\\/es\\\/el-equipo\\\/bernard-grelon\\\/#primaryimage\"},\"thumbnailUrl\":\"https:\\\/\\\/www.libra-avocats.com\\\/wp-content\\\/uploads\\\/2020\\\/02\\\/bernard_banner.jpg\",\"datePublished\":\"2020-02-19T13:23:14+00:00\",\"dateModified\":\"2020-02-24T09:57:49+00:00\",\"breadcrumb\":{\"@id\":\"https:\\\/\\\/www.libra-avocats.com\\\/es\\\/el-equipo\\\/bernard-grelon\\\/#breadcrumb\"},\"inLanguage\":\"es\",\"potentialAction\":[{\"@type\":\"ReadAction\",\"target\":[\"https:\\\/\\\/www.libra-avocats.com\\\/es\\\/el-equipo\\\/bernard-grelon\\\/\"]}]},{\"@type\":\"ImageObject\",\"inLanguage\":\"es\",\"@id\":\"https:\\\/\\\/www.libra-avocats.com\\\/es\\\/el-equipo\\\/bernard-grelon\\\/#primaryimage\",\"url\":\"https:\\\/\\\/www.libra-avocats.com\\\/wp-content\\\/uploads\\\/2020\\\/02\\\/bernard_banner.jpg\",\"contentUrl\":\"https:\\\/\\\/www.libra-avocats.com\\\/wp-content\\\/uploads\\\/2020\\\/02\\\/bernard_banner.jpg\",\"width\":1920,\"height\":499,\"caption\":\"Bernard Grelon\"},{\"@type\":\"BreadcrumbList\",\"@id\":\"https:\\\/\\\/www.libra-avocats.com\\\/es\\\/el-equipo\\\/bernard-grelon\\\/#breadcrumb\",\"itemListElement\":[{\"@type\":\"ListItem\",\"position\":1,\"name\":\"Accueil\",\"item\":\"https:\\\/\\\/www.libra-avocats.com\\\/es\\\/\"},{\"@type\":\"ListItem\",\"position\":2,\"name\":\"El equipo\",\"item\":\"https:\\\/\\\/www.libra-avocats.com\\\/es\\\/el-equipo\\\/\"},{\"@type\":\"ListItem\",\"position\":3,\"name\":\"Bernard Grelon\"}]},{\"@type\":\"WebSite\",\"@id\":\"https:\\\/\\\/www.libra-avocats.com\\\/es\\\/#website\",\"url\":\"https:\\\/\\\/www.libra-avocats.com\\\/es\\\/\",\"name\":\"Libra Avocats\",\"description\":\"Cabinets d&#039;avocats\",\"publisher\":{\"@id\":\"https:\\\/\\\/www.libra-avocats.com\\\/es\\\/#organization\"},\"potentialAction\":[{\"@type\":\"SearchAction\",\"target\":{\"@type\":\"EntryPoint\",\"urlTemplate\":\"https:\\\/\\\/www.libra-avocats.com\\\/es\\\/?s={search_term_string}\"},\"query-input\":{\"@type\":\"PropertyValueSpecification\",\"valueRequired\":true,\"valueName\":\"search_term_string\"}}],\"inLanguage\":\"es\"},{\"@type\":\"Organization\",\"@id\":\"https:\\\/\\\/www.libra-avocats.com\\\/es\\\/#organization\",\"name\":\"Libra Avocats\",\"url\":\"https:\\\/\\\/www.libra-avocats.com\\\/es\\\/\",\"logo\":{\"@type\":\"ImageObject\",\"inLanguage\":\"es\",\"@id\":\"https:\\\/\\\/www.libra-avocats.com\\\/es\\\/#\\\/schema\\\/logo\\\/image\\\/\",\"url\":\"https:\\\/\\\/www.libra-avocats.com\\\/wp-content\\\/uploads\\\/2020\\\/02\\\/logo_bottom.png\",\"contentUrl\":\"https:\\\/\\\/www.libra-avocats.com\\\/wp-content\\\/uploads\\\/2020\\\/02\\\/logo_bottom.png\",\"width\":144,\"height\":43,\"caption\":\"Libra Avocats\"},\"image\":{\"@id\":\"https:\\\/\\\/www.libra-avocats.com\\\/es\\\/#\\\/schema\\\/logo\\\/image\\\/\"}}]}<\/script>\n<!-- \/ Yoast SEO plugin. -->","yoast_head_json":{"title":"Bernard Grelon - Libra Avocats","robots":{"index":"index","follow":"follow","max-snippet":"max-snippet:-1","max-image-preview":"max-image-preview:large","max-video-preview":"max-video-preview:-1"},"canonical":"https:\/\/www.libra-avocats.com\/es\/el-equipo\/bernard-grelon\/","og_locale":"es_ES","og_type":"article","og_title":"Bernard Grelon - Libra Avocats","og_description":"Socio Bernard Grelon, catedr\u00e1tico en varias facultades de derecho, es abogado y profesor desde hace m\u00e1s de cuarenta a\u00f1os. Ha impartido la c\u00e1tedra de derecho comercial (procedimientos colectivos, derecho de ...","og_url":"https:\/\/www.libra-avocats.com\/es\/el-equipo\/bernard-grelon\/","og_site_name":"Libra Avocats","article_modified_time":"2020-02-24T09:57:49+00:00","og_image":[{"width":1920,"height":499,"url":"https:\/\/www.libra-avocats.com\/wp-content\/uploads\/2020\/02\/bernard_banner.jpg","type":"image\/jpeg"}],"twitter_card":"summary_large_image","twitter_misc":{"Tiempo de lectura":"2 minutos"},"schema":{"@context":"https:\/\/schema.org","@graph":[{"@type":"WebPage","@id":"https:\/\/www.libra-avocats.com\/es\/el-equipo\/bernard-grelon\/","url":"https:\/\/www.libra-avocats.com\/es\/el-equipo\/bernard-grelon\/","name":"Bernard Grelon - Libra Avocats","isPartOf":{"@id":"https:\/\/www.libra-avocats.com\/es\/#website"},"primaryImageOfPage":{"@id":"https:\/\/www.libra-avocats.com\/es\/el-equipo\/bernard-grelon\/#primaryimage"},"image":{"@id":"https:\/\/www.libra-avocats.com\/es\/el-equipo\/bernard-grelon\/#primaryimage"},"thumbnailUrl":"https:\/\/www.libra-avocats.com\/wp-content\/uploads\/2020\/02\/bernard_banner.jpg","datePublished":"2020-02-19T13:23:14+00:00","dateModified":"2020-02-24T09:57:49+00:00","breadcrumb":{"@id":"https:\/\/www.libra-avocats.com\/es\/el-equipo\/bernard-grelon\/#breadcrumb"},"inLanguage":"es","potentialAction":[{"@type":"ReadAction","target":["https:\/\/www.libra-avocats.com\/es\/el-equipo\/bernard-grelon\/"]}]},{"@type":"ImageObject","inLanguage":"es","@id":"https:\/\/www.libra-avocats.com\/es\/el-equipo\/bernard-grelon\/#primaryimage","url":"https:\/\/www.libra-avocats.com\/wp-content\/uploads\/2020\/02\/bernard_banner.jpg","contentUrl":"https:\/\/www.libra-avocats.com\/wp-content\/uploads\/2020\/02\/bernard_banner.jpg","width":1920,"height":499,"caption":"Bernard Grelon"},{"@type":"BreadcrumbList","@id":"https:\/\/www.libra-avocats.com\/es\/el-equipo\/bernard-grelon\/#breadcrumb","itemListElement":[{"@type":"ListItem","position":1,"name":"Accueil","item":"https:\/\/www.libra-avocats.com\/es\/"},{"@type":"ListItem","position":2,"name":"El equipo","item":"https:\/\/www.libra-avocats.com\/es\/el-equipo\/"},{"@type":"ListItem","position":3,"name":"Bernard Grelon"}]},{"@type":"WebSite","@id":"https:\/\/www.libra-avocats.com\/es\/#website","url":"https:\/\/www.libra-avocats.com\/es\/","name":"Libra Avocats","description":"Cabinets d&#039;avocats","publisher":{"@id":"https:\/\/www.libra-avocats.com\/es\/#organization"},"potentialAction":[{"@type":"SearchAction","target":{"@type":"EntryPoint","urlTemplate":"https:\/\/www.libra-avocats.com\/es\/?s={search_term_string}"},"query-input":{"@type":"PropertyValueSpecification","valueRequired":true,"valueName":"search_term_string"}}],"inLanguage":"es"},{"@type":"Organization","@id":"https:\/\/www.libra-avocats.com\/es\/#organization","name":"Libra Avocats","url":"https:\/\/www.libra-avocats.com\/es\/","logo":{"@type":"ImageObject","inLanguage":"es","@id":"https:\/\/www.libra-avocats.com\/es\/#\/schema\/logo\/image\/","url":"https:\/\/www.libra-avocats.com\/wp-content\/uploads\/2020\/02\/logo_bottom.png","contentUrl":"https:\/\/www.libra-avocats.com\/wp-content\/uploads\/2020\/02\/logo_bottom.png","width":144,"height":43,"caption":"Libra Avocats"},"image":{"@id":"https:\/\/www.libra-avocats.com\/es\/#\/schema\/logo\/image\/"}}]}},"_links":{"self":[{"href":"https:\/\/www.libra-avocats.com\/es\/wp-json\/wp\/v2\/pages\/451","targetHints":{"allow":["GET"]}}],"collection":[{"href":"https:\/\/www.libra-avocats.com\/es\/wp-json\/wp\/v2\/pages"}],"about":[{"href":"https:\/\/www.libra-avocats.com\/es\/wp-json\/wp\/v2\/types\/page"}],"author":[{"embeddable":true,"href":"https:\/\/www.libra-avocats.com\/es\/wp-json\/wp\/v2\/users\/1"}],"replies":[{"embeddable":true,"href":"https:\/\/www.libra-avocats.com\/es\/wp-json\/wp\/v2\/comments?post=451"}],"version-history":[{"count":5,"href":"https:\/\/www.libra-avocats.com\/es\/wp-json\/wp\/v2\/pages\/451\/revisions"}],"predecessor-version":[{"id":492,"href":"https:\/\/www.libra-avocats.com\/es\/wp-json\/wp\/v2\/pages\/451\/revisions\/492"}],"up":[{"embeddable":true,"href":"https:\/\/www.libra-avocats.com\/es\/wp-json\/wp\/v2\/pages\/524"}],"wp:featuredmedia":[{"embeddable":true,"href":"https:\/\/www.libra-avocats.com\/es\/wp-json\/wp\/v2\/media\/397"}],"wp:attachment":[{"href":"https:\/\/www.libra-avocats.com\/es\/wp-json\/wp\/v2\/media?parent=451"}],"curies":[{"name":"wp","href":"https:\/\/api.w.org\/{rel}","templated":true}]}}