{"id":438,"date":"2020-02-19T13:49:36","date_gmt":"2020-02-19T12:49:36","guid":{"rendered":"https:\/\/www.libra-avocats.com\/competencias\/"},"modified":"2020-02-24T10:12:53","modified_gmt":"2020-02-24T09:12:53","slug":"competencias","status":"publish","type":"page","link":"https:\/\/www.libra-avocats.com\/es\/competencias\/","title":{"rendered":"Competencias"},"content":{"rendered":"\n<p class=\"has-text-align-center accroche\">El despacho de abogados Libra Avocats acompa\u00f1a a sus clientes ofreci\u00e9ndoles respuestas completas para todos los casos particulares a los que pueden enfrentar <strong>en derecho comercial, contenciosos generales y derecho de las personas y de familia<\/strong>.<\/p>\n\n<div class=\"wp-block-group\" id=\"droit-des-affaires\"><div class=\"wp-block-group__inner-container is-layout-flow wp-block-group-is-layout-flow\">\n<h2 class=\"wp-block-heading\">Derecho comercial<\/h2>\n\n\n\n<p>Apoyamos a nuestros clientes en las operaciones fundamentales de la vida de una empresa, en Francia o en el extranjero:<\/p>\n\n\n\n<ul class=\"wp-block-list\"><li>derecho de sociedades, derecho mercantil internacional, derecho de la regulaci\u00f3n econ\u00f3mica, <\/li><li>creaci\u00f3n de empresa,<\/li><li>gobernanza de empresa, gesti\u00f3n de las relaciones entre la direcci\u00f3n y el accionariado,<\/li><li>cambio de dirigente, salida de un socio,<\/li><li>adquisici\u00f3n de filiales, implementaci\u00f3n de financiamientos,<\/li><li>concurso de acreedores, etc.<\/li><\/ul>\n\n\n<p>Todos los miembros de Libra Avocats cuentan con una gran experiencia en <strong>litigaci\u00f3n mercantil<\/strong>. Adem\u00e1s, la experticia y la experiencia de Bernard Grelon en ese \u00e1mbito permiten aportar un enfoque global. Abogado y profesor de derecho desde hace m\u00e1s de cuarenta a\u00f1os, su visi\u00f3n de conjunto le permite analizar y tratar finamente casos fuera de lo com\u00fan.<\/p>\n<\/div><\/div>\n\n<div class=\"wp-block-cover fullwidth diagonale\" style=\"background-image:url(https:\/\/www.libra-avocats.com\/wp-content\/uploads\/2020\/02\/bg_bureau2.jpg)\"><div class=\"wp-block-cover__inner-container is-layout-flow wp-block-cover-is-layout-flow\">\n<h2 class=\"wp-block-heading\" id=\"contentieux-general\">Contenciosos generales<\/h2>\n\n\n\n<p>El despacho de abogados Libra Avocats interviene en <strong>derecho penal, derecho comercial y de negocios, derecho civil y derecho del arte<\/strong>. Apoyamos a nuestros clientes en el marco de litigios recurrentes o de masa, y hasta los casos m\u00e1s complejos que implican reflexionar y dise\u00f1arestrategias en situaciones in\u00e9ditas.<\/p>\n\n\n\n<p>Nuestra experiencia en derecho interno e internacional nos permite <strong>coordinar procedimientos vinculados con varios pa\u00edses<\/strong>. En ese contexto, colaboramos regularmente con colegas expertos en el extranjero.<\/p>\n\n\n\n<p>Entre los clientes de nuestra firma figuran dirigentes de empresa y de instituciones p\u00fablicas y privadas, instituciones financieras y administrativas, empresas y particulares. <\/p>\n\n\n\n<p>Por \u00faltimo, la firma dispone de una <strong>experticia espec\u00edfica en materia de derecho del arte<\/strong> y de contenciosos vinculados a estas cuestiones: en particular, en materia de autenticidad o de tr\u00e1fico de bienes culturales.<\/p>\n\n\n\n<h3 class=\"wp-block-heading\"><strong>Modo alternativo de resoluci\u00f3n de litigios <\/strong><\/h3>\n\n\n\n<p>Asesoramos en <strong>el marco de procedimientos de arbitraje<\/strong> &#8211; un m\u00e9todo alternativo de resoluci\u00f3n de litigios ante tribunales estatales \u2013que realizamos siempre con una visi\u00f3n global para asegurar los intereses de nuestros clientes. Bernard Grelon, en particular, es designado regularmente como \u00e1rbitro en este tipo de procedimientos.<\/p>\n\n\n\n<p>El despacho interviene tambi\u00e9n de manera regular para apoyar a sus clientes en el marco de una mediaci\u00f3n y de procesos de derecho colaborativo. En este \u00e1mbito, Delphine Eskenazi ha sido formada como mediadora. <\/p>\n<\/div><\/div>\n\n<div class=\"wp-block-group\" id=\"droit-des-personnes\"><div class=\"wp-block-group__inner-container is-layout-flow wp-block-group-is-layout-flow\">\n<h2 class=\"wp-block-heading\">Derecho de las personas<\/h2>\n\n\n\n<p>La firma de abogados Libra Avocats es reconocida por su experticia en <strong>expedientes de derecho internacional de la familia y los bienes.<\/strong> Por ende, nuestros clientes son principalmente franceses residentes en el extranjero o extranjeros en Francia. Delphine Eskenazi y Frances Auchincloss Goldsmith trabajan juntas desde 2008 en los expedientes con un contexto internacional, permiti\u00e9ndoles orientar mejor a sus clientes en situaci\u00f3n de crisis o durante una separaci\u00f3n.<\/p>\n\n\n\n<p>Ayudan regularmente a sus clientes a <strong>resolver situaciones financieras complejas<\/strong> y a restablecer un equilibrio al interior de familias en crisis.<\/p>\n\n\n\n<p>Intervienen especialmente en los siguientes \u00e1mbitos:<\/p>\n\n\n\n<h3 class=\"wp-block-heading\">Derecho de familia<\/h3>\n\n\n\n<ul class=\"wp-block-list\"><li>Procedimientos de divorcio y separaci\u00f3n en Francia. <\/li><li>Procedimientos vinculados con cuestiones de responsabilidad parental.<\/li><li>Reconocimiento y ejecuci\u00f3n en Francia de decisiones de divorcio o en materia de separaciones decididas en el extranjero.<\/li><li>Capitulaciones matrimoniales y acuerdo prenupcial\u00a0(<em>prenuptial agreement)<\/em><strong>\u00a0<\/strong>en un contexto internacional.<\/li><li>Gesti\u00f3n de los reg\u00edmenes de jubilaci\u00f3n en funci\u00f3n del r\u00e9gimen matrimonial en Francia y en el extranjero.<\/li><li>Procedimiento de filiaci\u00f3n en un contexto internacional.<\/li><li>Reconocimiento y transcripci\u00f3n para las gestaciones para otros realizadas en el extranjero.<\/li><li>Procedimiento de transferencia de residencia de menores hacia el extranjero (expedientes de relocalizaci\u00f3n o <em>Relocation<\/em>).<\/li><li>Procedimiento de sustracci\u00f3n de menores.<\/li><\/ul>\n\n\n<h3 class=\"wp-block-heading\">Derecho de sucesiones<\/h3>\n\n\n\n<p>El despacho interviene asistiendo a sus clientes en caso de <strong>apertura de una sucesi\u00f3n<\/strong> o durante una mediaci\u00f3n, en el marco de un contencioso sucesorio. Nuestros equipos cuentan con su experiencia para orientar a nuestros clientes en el desarrollo de una sucesi\u00f3n internacional y en la estrategia por adoptar en caso de recurso a varias jurisdicciones.<\/p>\n<\/div><\/div>\n","protected":false},"excerpt":{"rendered":"<p>El despacho de abogados Libra Avocats acompa\u00f1a a sus clientes ofreci\u00e9ndoles respuestas completas para todos los casos particulares a los que pueden enfrentar en derecho comercial, contenciosos generales y derecho &#8230;<\/p>\n","protected":false},"author":1,"featured_media":383,"parent":0,"menu_order":0,"comment_status":"closed","ping_status":"closed","template":"","meta":{"_acf_changed":false,"footnotes":""},"class_list":["post-438","page","type-page","status-publish","has-post-thumbnail","hentry"],"acf":[],"yoast_head":"<!-- This site is optimized with the Yoast SEO plugin v27.3 - https:\/\/yoast.com\/product\/yoast-seo-wordpress\/ -->\n<title>Competencias - Libra Avocats<\/title>\n<meta name=\"robots\" content=\"index, follow, max-snippet:-1, max-image-preview:large, max-video-preview:-1\" \/>\n<link rel=\"canonical\" href=\"https:\/\/www.libra-avocats.com\/es\/competencias\/\" \/>\n<meta property=\"og:locale\" content=\"es_ES\" \/>\n<meta property=\"og:type\" content=\"article\" \/>\n<meta property=\"og:title\" content=\"Competencias - Libra Avocats\" \/>\n<meta property=\"og:description\" content=\"El despacho de abogados Libra Avocats acompa\u00f1a a sus clientes ofreci\u00e9ndoles respuestas completas para todos los casos particulares a los que pueden enfrentar en derecho comercial, contenciosos generales y derecho ...\" \/>\n<meta property=\"og:url\" content=\"https:\/\/www.libra-avocats.com\/es\/competencias\/\" \/>\n<meta property=\"og:site_name\" content=\"Libra Avocats\" \/>\n<meta property=\"article:modified_time\" content=\"2020-02-24T09:12:53+00:00\" \/>\n<meta property=\"og:image\" content=\"https:\/\/www.libra-avocats.com\/wp-content\/uploads\/2020\/02\/banner_contact3.jpg\" \/>\n\t<meta property=\"og:image:width\" content=\"1920\" \/>\n\t<meta property=\"og:image:height\" content=\"499\" \/>\n\t<meta property=\"og:image:type\" content=\"image\/jpeg\" \/>\n<meta name=\"twitter:card\" content=\"summary_large_image\" \/>\n<meta name=\"twitter:label1\" content=\"Tiempo de lectura\" \/>\n\t<meta name=\"twitter:data1\" content=\"3 minutos\" \/>\n<script type=\"application\/ld+json\" class=\"yoast-schema-graph\">{\"@context\":\"https:\\\/\\\/schema.org\",\"@graph\":[{\"@type\":\"WebPage\",\"@id\":\"https:\\\/\\\/www.libra-avocats.com\\\/es\\\/competencias\\\/\",\"url\":\"https:\\\/\\\/www.libra-avocats.com\\\/es\\\/competencias\\\/\",\"name\":\"Competencias - Libra Avocats\",\"isPartOf\":{\"@id\":\"https:\\\/\\\/www.libra-avocats.com\\\/es\\\/#website\"},\"primaryImageOfPage\":{\"@id\":\"https:\\\/\\\/www.libra-avocats.com\\\/es\\\/competencias\\\/#primaryimage\"},\"image\":{\"@id\":\"https:\\\/\\\/www.libra-avocats.com\\\/es\\\/competencias\\\/#primaryimage\"},\"thumbnailUrl\":\"https:\\\/\\\/www.libra-avocats.com\\\/wp-content\\\/uploads\\\/2020\\\/02\\\/banner_contact3.jpg\",\"datePublished\":\"2020-02-19T12:49:36+00:00\",\"dateModified\":\"2020-02-24T09:12:53+00:00\",\"breadcrumb\":{\"@id\":\"https:\\\/\\\/www.libra-avocats.com\\\/es\\\/competencias\\\/#breadcrumb\"},\"inLanguage\":\"es\",\"potentialAction\":[{\"@type\":\"ReadAction\",\"target\":[\"https:\\\/\\\/www.libra-avocats.com\\\/es\\\/competencias\\\/\"]}]},{\"@type\":\"ImageObject\",\"inLanguage\":\"es\",\"@id\":\"https:\\\/\\\/www.libra-avocats.com\\\/es\\\/competencias\\\/#primaryimage\",\"url\":\"https:\\\/\\\/www.libra-avocats.com\\\/wp-content\\\/uploads\\\/2020\\\/02\\\/banner_contact3.jpg\",\"contentUrl\":\"https:\\\/\\\/www.libra-avocats.com\\\/wp-content\\\/uploads\\\/2020\\\/02\\\/banner_contact3.jpg\",\"width\":1920,\"height\":499,\"caption\":\"Competencias\"},{\"@type\":\"BreadcrumbList\",\"@id\":\"https:\\\/\\\/www.libra-avocats.com\\\/es\\\/competencias\\\/#breadcrumb\",\"itemListElement\":[{\"@type\":\"ListItem\",\"position\":1,\"name\":\"Accueil\",\"item\":\"https:\\\/\\\/www.libra-avocats.com\\\/es\\\/\"},{\"@type\":\"ListItem\",\"position\":2,\"name\":\"Competencias\"}]},{\"@type\":\"WebSite\",\"@id\":\"https:\\\/\\\/www.libra-avocats.com\\\/es\\\/#website\",\"url\":\"https:\\\/\\\/www.libra-avocats.com\\\/es\\\/\",\"name\":\"Libra Avocats\",\"description\":\"Cabinets d&#039;avocats\",\"publisher\":{\"@id\":\"https:\\\/\\\/www.libra-avocats.com\\\/es\\\/#organization\"},\"potentialAction\":[{\"@type\":\"SearchAction\",\"target\":{\"@type\":\"EntryPoint\",\"urlTemplate\":\"https:\\\/\\\/www.libra-avocats.com\\\/es\\\/?s={search_term_string}\"},\"query-input\":{\"@type\":\"PropertyValueSpecification\",\"valueRequired\":true,\"valueName\":\"search_term_string\"}}],\"inLanguage\":\"es\"},{\"@type\":\"Organization\",\"@id\":\"https:\\\/\\\/www.libra-avocats.com\\\/es\\\/#organization\",\"name\":\"Libra Avocats\",\"url\":\"https:\\\/\\\/www.libra-avocats.com\\\/es\\\/\",\"logo\":{\"@type\":\"ImageObject\",\"inLanguage\":\"es\",\"@id\":\"https:\\\/\\\/www.libra-avocats.com\\\/es\\\/#\\\/schema\\\/logo\\\/image\\\/\",\"url\":\"https:\\\/\\\/www.libra-avocats.com\\\/wp-content\\\/uploads\\\/2020\\\/02\\\/logo_bottom.png\",\"contentUrl\":\"https:\\\/\\\/www.libra-avocats.com\\\/wp-content\\\/uploads\\\/2020\\\/02\\\/logo_bottom.png\",\"width\":144,\"height\":43,\"caption\":\"Libra Avocats\"},\"image\":{\"@id\":\"https:\\\/\\\/www.libra-avocats.com\\\/es\\\/#\\\/schema\\\/logo\\\/image\\\/\"}}]}<\/script>\n<!-- \/ Yoast SEO plugin. -->","yoast_head_json":{"title":"Competencias - Libra Avocats","robots":{"index":"index","follow":"follow","max-snippet":"max-snippet:-1","max-image-preview":"max-image-preview:large","max-video-preview":"max-video-preview:-1"},"canonical":"https:\/\/www.libra-avocats.com\/es\/competencias\/","og_locale":"es_ES","og_type":"article","og_title":"Competencias - Libra Avocats","og_description":"El despacho de abogados Libra Avocats acompa\u00f1a a sus clientes ofreci\u00e9ndoles respuestas completas para todos los casos particulares a los que pueden enfrentar en derecho comercial, contenciosos generales y derecho ...","og_url":"https:\/\/www.libra-avocats.com\/es\/competencias\/","og_site_name":"Libra Avocats","article_modified_time":"2020-02-24T09:12:53+00:00","og_image":[{"width":1920,"height":499,"url":"https:\/\/www.libra-avocats.com\/wp-content\/uploads\/2020\/02\/banner_contact3.jpg","type":"image\/jpeg"}],"twitter_card":"summary_large_image","twitter_misc":{"Tiempo de lectura":"3 minutos"},"schema":{"@context":"https:\/\/schema.org","@graph":[{"@type":"WebPage","@id":"https:\/\/www.libra-avocats.com\/es\/competencias\/","url":"https:\/\/www.libra-avocats.com\/es\/competencias\/","name":"Competencias - Libra Avocats","isPartOf":{"@id":"https:\/\/www.libra-avocats.com\/es\/#website"},"primaryImageOfPage":{"@id":"https:\/\/www.libra-avocats.com\/es\/competencias\/#primaryimage"},"image":{"@id":"https:\/\/www.libra-avocats.com\/es\/competencias\/#primaryimage"},"thumbnailUrl":"https:\/\/www.libra-avocats.com\/wp-content\/uploads\/2020\/02\/banner_contact3.jpg","datePublished":"2020-02-19T12:49:36+00:00","dateModified":"2020-02-24T09:12:53+00:00","breadcrumb":{"@id":"https:\/\/www.libra-avocats.com\/es\/competencias\/#breadcrumb"},"inLanguage":"es","potentialAction":[{"@type":"ReadAction","target":["https:\/\/www.libra-avocats.com\/es\/competencias\/"]}]},{"@type":"ImageObject","inLanguage":"es","@id":"https:\/\/www.libra-avocats.com\/es\/competencias\/#primaryimage","url":"https:\/\/www.libra-avocats.com\/wp-content\/uploads\/2020\/02\/banner_contact3.jpg","contentUrl":"https:\/\/www.libra-avocats.com\/wp-content\/uploads\/2020\/02\/banner_contact3.jpg","width":1920,"height":499,"caption":"Competencias"},{"@type":"BreadcrumbList","@id":"https:\/\/www.libra-avocats.com\/es\/competencias\/#breadcrumb","itemListElement":[{"@type":"ListItem","position":1,"name":"Accueil","item":"https:\/\/www.libra-avocats.com\/es\/"},{"@type":"ListItem","position":2,"name":"Competencias"}]},{"@type":"WebSite","@id":"https:\/\/www.libra-avocats.com\/es\/#website","url":"https:\/\/www.libra-avocats.com\/es\/","name":"Libra Avocats","description":"Cabinets d&#039;avocats","publisher":{"@id":"https:\/\/www.libra-avocats.com\/es\/#organization"},"potentialAction":[{"@type":"SearchAction","target":{"@type":"EntryPoint","urlTemplate":"https:\/\/www.libra-avocats.com\/es\/?s={search_term_string}"},"query-input":{"@type":"PropertyValueSpecification","valueRequired":true,"valueName":"search_term_string"}}],"inLanguage":"es"},{"@type":"Organization","@id":"https:\/\/www.libra-avocats.com\/es\/#organization","name":"Libra Avocats","url":"https:\/\/www.libra-avocats.com\/es\/","logo":{"@type":"ImageObject","inLanguage":"es","@id":"https:\/\/www.libra-avocats.com\/es\/#\/schema\/logo\/image\/","url":"https:\/\/www.libra-avocats.com\/wp-content\/uploads\/2020\/02\/logo_bottom.png","contentUrl":"https:\/\/www.libra-avocats.com\/wp-content\/uploads\/2020\/02\/logo_bottom.png","width":144,"height":43,"caption":"Libra Avocats"},"image":{"@id":"https:\/\/www.libra-avocats.com\/es\/#\/schema\/logo\/image\/"}}]}},"_links":{"self":[{"href":"https:\/\/www.libra-avocats.com\/es\/wp-json\/wp\/v2\/pages\/438","targetHints":{"allow":["GET"]}}],"collection":[{"href":"https:\/\/www.libra-avocats.com\/es\/wp-json\/wp\/v2\/pages"}],"about":[{"href":"https:\/\/www.libra-avocats.com\/es\/wp-json\/wp\/v2\/types\/page"}],"author":[{"embeddable":true,"href":"https:\/\/www.libra-avocats.com\/es\/wp-json\/wp\/v2\/users\/1"}],"replies":[{"embeddable":true,"href":"https:\/\/www.libra-avocats.com\/es\/wp-json\/wp\/v2\/comments?post=438"}],"version-history":[{"count":4,"href":"https:\/\/www.libra-avocats.com\/es\/wp-json\/wp\/v2\/pages\/438\/revisions"}],"predecessor-version":[{"id":514,"href":"https:\/\/www.libra-avocats.com\/es\/wp-json\/wp\/v2\/pages\/438\/revisions\/514"}],"wp:featuredmedia":[{"embeddable":true,"href":"https:\/\/www.libra-avocats.com\/es\/wp-json\/wp\/v2\/media\/383"}],"wp:attachment":[{"href":"https:\/\/www.libra-avocats.com\/es\/wp-json\/wp\/v2\/media?parent=438"}],"curies":[{"name":"wp","href":"https:\/\/api.w.org\/{rel}","templated":true}]}}