{"id":432,"date":"2020-02-12T10:03:27","date_gmt":"2020-02-12T09:03:27","guid":{"rendered":"https:\/\/www.libra-avocats.com\/despacho-de-abogados\/"},"modified":"2020-08-07T09:51:07","modified_gmt":"2020-08-07T07:51:07","slug":"despacho-de-abogados","status":"publish","type":"page","link":"https:\/\/www.libra-avocats.com\/es\/despacho-de-abogados\/","title":{"rendered":"Despacho de abogados"},"content":{"rendered":"\n<p class=\"has-text-align-center accroche\">El despacho de abogados Libra Avocats ofrece a sus clientes soluciones en los \u00e1mbitos de <strong>derecho comercial, litigaci\u00f3n y derecho de las personas<\/strong>. Libra Avocats aporta a sus clientes una avanzada experiencia en cada uno de estos campos.<\/p>\n\n<h2 class=\"wp-block-heading\" id=\"histoire\">Historia del despacho de abogados<\/h2>\n\n<p>Bernard Grelon, socio fundador de una importante firma de abogados en derecho mercantil, y Delphine Eskenazi decidieron en 2014 crear Libra Avocats con el fin de aportar a sus clientes sus competencias y experiencia <strong>dentro de una estructura destinada a un acompa\u00f1amiento reactivo de sus clientes<\/strong>. Frances Auchincloss Goldsmith, proveniente de la misma firma, particip\u00f3 a su creaci\u00f3n y en 2020 pas\u00f3 a ser socia. La <strong>dimensi\u00f3n humana del equipo<\/strong> es garante de una gran flexibilidad que le permite trabajar con expertos seleccionados espec\u00edficamente para cada expediente. En efecto, la firma Libra Avocats basa su actividad en los conocimientos y experiencias de sus abogados, pero tambi\u00e9n en <strong>una red excepcional de colegas<\/strong> en Francia y en el extranjero.<\/p>\n\n<p>Libra Avocats ofrece a sus clientes una experticia poco corriente: <strong>una visi\u00f3n de conjunto sobre todo tipo de cuestiones jur\u00eddicas, acompa\u00f1ada de una muy fina comprensi\u00f3n de la articulaci\u00f3n entre la legislaci\u00f3n francesa y las legislaciones extranjeras.<\/strong> El despacho asesora regularmente tanto a personas cuya situaci\u00f3n financiera y personal at\u00edpica requiere una gesti\u00f3n compleja en Francia o en el extranjero, como a personas con una alta movilidad internacional.<\/p>\n\n<div class=\"wp-block-cover fullwidth diagonale\" style=\"background-image:url(https:\/\/www.libra-avocats.com\/wp-content\/uploads\/2020\/02\/bg_section2.jpg)\"><div class=\"wp-block-cover__inner-container is-layout-flow wp-block-cover-is-layout-flow\">\n<div class=\"wp-block-columns is-layout-flex wp-container-core-columns-is-layout-9d6595d7 wp-block-columns-is-layout-flex\">\n<div class=\"wp-block-column is-layout-flow wp-block-column-is-layout-flow\">\n<div class=\"wp-block-image\"><figure class=\"aligncenter size-large\"><img loading=\"lazy\" decoding=\"async\" width=\"156\" height=\"156\" src=\"https:\/\/www.libra-avocats.com\/wp-content\/uploads\/2020\/02\/bernard.png\" alt=\"Bernard Grelon\" class=\"wp-image-197\" srcset=\"https:\/\/www.libra-avocats.com\/wp-content\/uploads\/2020\/02\/bernard.png 156w, https:\/\/www.libra-avocats.com\/wp-content\/uploads\/2020\/02\/bernard-150x150.png 150w\" sizes=\"auto, (max-width: 156px) 100vw, 156px\" \/><\/figure><\/div>\n\n\n\n<h3 class=\"has-text-align-center wp-block-heading\">Bernard Grelon<\/h3>\n\n\n\n<p class=\"has-text-align-center\">Catedr\u00e1tico de derecho y profesor honorario de la Universit\u00e9 Paris Dauphine, donde ha ense\u00f1ado durante casi treinta a\u00f1os, cuenta con una visi\u00f3n de conjunto y un profundo conocimiento de los principales campos del derecho; aporta a sus clientes una experiencia acumulada por m\u00e1s de cuarenta a\u00f1os. <\/p>\n<\/div>\n\n\n\n<div class=\"wp-block-column is-layout-flow wp-block-column-is-layout-flow\">\n<div class=\"wp-block-image\"><figure class=\"aligncenter size-large\"><img loading=\"lazy\" decoding=\"async\" width=\"156\" height=\"156\" src=\"https:\/\/www.libra-avocats.com\/wp-content\/uploads\/2020\/02\/delphine-1.png\" alt=\"Delphine Eskenazi\" class=\"wp-image-466\" srcset=\"https:\/\/www.libra-avocats.com\/wp-content\/uploads\/2020\/02\/delphine-1.png 156w, https:\/\/www.libra-avocats.com\/wp-content\/uploads\/2020\/02\/delphine-1-150x150.png 150w\" sizes=\"auto, (max-width: 156px) 100vw, 156px\" \/><\/figure><\/div>\n\n\n\n<h3 class=\"has-text-align-center wp-block-heading\"><strong>Delphine Eskenazi<\/strong><\/h3>\n\n\n\n<p class=\"has-text-align-center\">Abogada de los colegios de abogados de Nueva York y de Par\u00eds, ejerce desde hace m\u00e1s de quince a\u00f1os en firmas dedicadas a asuntos comerciales, tanto francesas como internacionales. Ha desarrollado experticia en derecho internacional privado y en litigios complejos, ya sea en materia de derecho de las personas, derecho del arte o en contenciosos civiles y comerciales. <\/p>\n<\/div>\n\n\n\n<div class=\"wp-block-column is-layout-flow wp-block-column-is-layout-flow\">\n<div class=\"wp-block-image\"><figure class=\"aligncenter size-large\"><img loading=\"lazy\" decoding=\"async\" width=\"156\" height=\"156\" src=\"https:\/\/www.libra-avocats.com\/wp-content\/uploads\/2020\/02\/frances-1.png\" alt=\"Frances Auchincloss Goldsmith\" class=\"wp-image-446\" srcset=\"https:\/\/www.libra-avocats.com\/wp-content\/uploads\/2020\/02\/frances-1.png 156w, https:\/\/www.libra-avocats.com\/wp-content\/uploads\/2020\/02\/frances-1-150x150.png 150w\" sizes=\"auto, (max-width: 156px) 100vw, 156px\" \/><\/figure><\/div>\n\n\n\n<h3 class=\"has-text-align-center wp-block-heading\"><strong>Frances Auchincloss Goldsmith<\/strong><\/h3>\n\n\n\n<p class=\"has-text-align-center\">Dispone de una experiencia de m\u00e1s de diez a\u00f1os en importantes expedientes de contenciosos transnacionales y de derecho internacional de familia. Asesora tanto a particulares en sus contenciosos patrimoniales y familiares como a instituciones y empresas en materia de contenciosos comerciales o civiles. <\/p>\n<\/div>\n<\/div>\n\n\n\n<p class=\"has-text-align-center has-medium-font-size\">El despacho de abogados Libra Avocats trabaja con colegas y corresponsales en Francia y en el extranjero, cuidadosamente seleccionados por su probada experiencia y por compartir nuestros mismos valores de excelencia. <\/p>\n<\/div><\/div>\n\n<h2 class=\"wp-block-heading\" id=\"valeurs\">Nuestros valores<\/h2>\n\n<div class=\"wp-block-columns is-layout-flex wp-container-core-columns-is-layout-9d6595d7 wp-block-columns-is-layout-flex\">\n<div class=\"wp-block-column is-layout-flow wp-block-column-is-layout-flow\">\n<h3 class=\"wp-block-heading\">Calidad<\/h3>\n\n\n\n<p>La claridad y la precisi\u00f3n son el resultado de un trabajo meticuloso. Este alto nivel de exigencia nos permite ser reconocidos permanentemente por nuestros pares en los diversos campos en que intervenimos. <\/p>\n\n\n\n<h3 class=\"wp-block-heading\">Reserva<\/h3>\n\n\n\n<p>Gracias al equipo reducido y sin intermediarios que disponemos, podemos ofrecer un inigualable nivel de confidencialidad. <\/p>\n<\/div>\n\n\n\n<div class=\"wp-block-column is-layout-flow wp-block-column-is-layout-flow\">\n<h3 class=\"wp-block-heading\">Transparencia<\/h3>\n\n\n\n<p>Nuestros clientes se benefician sistem\u00e1ticamente de un asesoramiento sin complacencia, motivado \u00fanicamente por la preocupaci\u00f3n de defender sus intereses. <\/p>\n\n\n\n<h3 class=\"wp-block-heading\">Reactividad<\/h3>\n\n\n\n<p>Si nuestros clientes recurren a nuestros servicios es, a menudo, porque se encuentran en una situaci\u00f3n de crisis o de prevenci\u00f3n de crisis; requieren por lo tanto una reactividad particular, que ha pasado a ser una pol\u00edtica general para nuestro despacho. <\/p>\n<\/div>\n<\/div>\n<div class=\"wp-block-buttons aligncenter is-layout-flex wp-block-buttons-is-layout-flex\"><\/div>\r\n","protected":false},"excerpt":{"rendered":"<p>El despacho de abogados Libra Avocats ofrece a sus clientes soluciones en los \u00e1mbitos de derecho comercial, litigaci\u00f3n y derecho de las personas. Libra Avocats aporta a sus clientes una &#8230;<\/p>\n","protected":false},"author":1,"featured_media":377,"parent":0,"menu_order":0,"comment_status":"closed","ping_status":"closed","template":"","meta":{"_acf_changed":false,"footnotes":""},"class_list":["post-432","page","type-page","status-publish","has-post-thumbnail","hentry"],"acf":[],"yoast_head":"<!-- This site is optimized with the Yoast SEO plugin v27.4 - https:\/\/yoast.com\/product\/yoast-seo-wordpress\/ -->\n<title>Despacho de abogados - Libra Avocats<\/title>\n<meta name=\"robots\" content=\"index, follow, max-snippet:-1, max-image-preview:large, max-video-preview:-1\" \/>\n<link rel=\"canonical\" href=\"https:\/\/www.libra-avocats.com\/es\/despacho-de-abogados\/\" \/>\n<meta property=\"og:locale\" content=\"es_ES\" \/>\n<meta property=\"og:type\" content=\"article\" \/>\n<meta property=\"og:title\" content=\"Despacho de abogados - Libra Avocats\" \/>\n<meta property=\"og:description\" content=\"El despacho de abogados Libra Avocats ofrece a sus clientes soluciones en los \u00e1mbitos de derecho comercial, litigaci\u00f3n y derecho de las personas. Libra Avocats aporta a sus clientes una ...\" \/>\n<meta property=\"og:url\" content=\"https:\/\/www.libra-avocats.com\/es\/despacho-de-abogados\/\" \/>\n<meta property=\"og:site_name\" content=\"Libra Avocats\" \/>\n<meta property=\"article:modified_time\" content=\"2020-08-07T07:51:07+00:00\" \/>\n<meta property=\"og:image\" content=\"https:\/\/www.libra-avocats.com\/wp-content\/uploads\/2020\/02\/banner_appartement.jpg\" \/>\n\t<meta property=\"og:image:width\" content=\"1920\" \/>\n\t<meta property=\"og:image:height\" content=\"499\" \/>\n\t<meta property=\"og:image:type\" content=\"image\/jpeg\" \/>\n<meta name=\"twitter:card\" content=\"summary_large_image\" \/>\n<meta name=\"twitter:label1\" content=\"Tiempo de lectura\" \/>\n\t<meta name=\"twitter:data1\" content=\"3 minutos\" \/>\n<script type=\"application\/ld+json\" class=\"yoast-schema-graph\">{\"@context\":\"https:\\\/\\\/schema.org\",\"@graph\":[{\"@type\":\"WebPage\",\"@id\":\"https:\\\/\\\/www.libra-avocats.com\\\/es\\\/despacho-de-abogados\\\/\",\"url\":\"https:\\\/\\\/www.libra-avocats.com\\\/es\\\/despacho-de-abogados\\\/\",\"name\":\"Despacho de abogados - Libra Avocats\",\"isPartOf\":{\"@id\":\"https:\\\/\\\/www.libra-avocats.com\\\/es\\\/#website\"},\"primaryImageOfPage\":{\"@id\":\"https:\\\/\\\/www.libra-avocats.com\\\/es\\\/despacho-de-abogados\\\/#primaryimage\"},\"image\":{\"@id\":\"https:\\\/\\\/www.libra-avocats.com\\\/es\\\/despacho-de-abogados\\\/#primaryimage\"},\"thumbnailUrl\":\"https:\\\/\\\/www.libra-avocats.com\\\/wp-content\\\/uploads\\\/2020\\\/02\\\/banner_appartement.jpg\",\"datePublished\":\"2020-02-12T09:03:27+00:00\",\"dateModified\":\"2020-08-07T07:51:07+00:00\",\"breadcrumb\":{\"@id\":\"https:\\\/\\\/www.libra-avocats.com\\\/es\\\/despacho-de-abogados\\\/#breadcrumb\"},\"inLanguage\":\"es\",\"potentialAction\":[{\"@type\":\"ReadAction\",\"target\":[\"https:\\\/\\\/www.libra-avocats.com\\\/es\\\/despacho-de-abogados\\\/\"]}]},{\"@type\":\"ImageObject\",\"inLanguage\":\"es\",\"@id\":\"https:\\\/\\\/www.libra-avocats.com\\\/es\\\/despacho-de-abogados\\\/#primaryimage\",\"url\":\"https:\\\/\\\/www.libra-avocats.com\\\/wp-content\\\/uploads\\\/2020\\\/02\\\/banner_appartement.jpg\",\"contentUrl\":\"https:\\\/\\\/www.libra-avocats.com\\\/wp-content\\\/uploads\\\/2020\\\/02\\\/banner_appartement.jpg\",\"width\":1920,\"height\":499,\"caption\":\"Despacho de abogados\"},{\"@type\":\"BreadcrumbList\",\"@id\":\"https:\\\/\\\/www.libra-avocats.com\\\/es\\\/despacho-de-abogados\\\/#breadcrumb\",\"itemListElement\":[{\"@type\":\"ListItem\",\"position\":1,\"name\":\"Accueil\",\"item\":\"https:\\\/\\\/www.libra-avocats.com\\\/es\\\/\"},{\"@type\":\"ListItem\",\"position\":2,\"name\":\"Despacho de abogados\"}]},{\"@type\":\"WebSite\",\"@id\":\"https:\\\/\\\/www.libra-avocats.com\\\/es\\\/#website\",\"url\":\"https:\\\/\\\/www.libra-avocats.com\\\/es\\\/\",\"name\":\"Libra Avocats\",\"description\":\"Cabinets d&#039;avocats\",\"publisher\":{\"@id\":\"https:\\\/\\\/www.libra-avocats.com\\\/es\\\/#organization\"},\"potentialAction\":[{\"@type\":\"SearchAction\",\"target\":{\"@type\":\"EntryPoint\",\"urlTemplate\":\"https:\\\/\\\/www.libra-avocats.com\\\/es\\\/?s={search_term_string}\"},\"query-input\":{\"@type\":\"PropertyValueSpecification\",\"valueRequired\":true,\"valueName\":\"search_term_string\"}}],\"inLanguage\":\"es\"},{\"@type\":\"Organization\",\"@id\":\"https:\\\/\\\/www.libra-avocats.com\\\/es\\\/#organization\",\"name\":\"Libra Avocats\",\"url\":\"https:\\\/\\\/www.libra-avocats.com\\\/es\\\/\",\"logo\":{\"@type\":\"ImageObject\",\"inLanguage\":\"es\",\"@id\":\"https:\\\/\\\/www.libra-avocats.com\\\/es\\\/#\\\/schema\\\/logo\\\/image\\\/\",\"url\":\"https:\\\/\\\/www.libra-avocats.com\\\/wp-content\\\/uploads\\\/2020\\\/02\\\/logo_bottom.png\",\"contentUrl\":\"https:\\\/\\\/www.libra-avocats.com\\\/wp-content\\\/uploads\\\/2020\\\/02\\\/logo_bottom.png\",\"width\":144,\"height\":43,\"caption\":\"Libra Avocats\"},\"image\":{\"@id\":\"https:\\\/\\\/www.libra-avocats.com\\\/es\\\/#\\\/schema\\\/logo\\\/image\\\/\"}}]}<\/script>\n<!-- \/ Yoast SEO plugin. -->","yoast_head_json":{"title":"Despacho de abogados - Libra Avocats","robots":{"index":"index","follow":"follow","max-snippet":"max-snippet:-1","max-image-preview":"max-image-preview:large","max-video-preview":"max-video-preview:-1"},"canonical":"https:\/\/www.libra-avocats.com\/es\/despacho-de-abogados\/","og_locale":"es_ES","og_type":"article","og_title":"Despacho de abogados - Libra Avocats","og_description":"El despacho de abogados Libra Avocats ofrece a sus clientes soluciones en los \u00e1mbitos de derecho comercial, litigaci\u00f3n y derecho de las personas. Libra Avocats aporta a sus clientes una ...","og_url":"https:\/\/www.libra-avocats.com\/es\/despacho-de-abogados\/","og_site_name":"Libra Avocats","article_modified_time":"2020-08-07T07:51:07+00:00","og_image":[{"width":1920,"height":499,"url":"https:\/\/www.libra-avocats.com\/wp-content\/uploads\/2020\/02\/banner_appartement.jpg","type":"image\/jpeg"}],"twitter_card":"summary_large_image","twitter_misc":{"Tiempo de lectura":"3 minutos"},"schema":{"@context":"https:\/\/schema.org","@graph":[{"@type":"WebPage","@id":"https:\/\/www.libra-avocats.com\/es\/despacho-de-abogados\/","url":"https:\/\/www.libra-avocats.com\/es\/despacho-de-abogados\/","name":"Despacho de abogados - Libra Avocats","isPartOf":{"@id":"https:\/\/www.libra-avocats.com\/es\/#website"},"primaryImageOfPage":{"@id":"https:\/\/www.libra-avocats.com\/es\/despacho-de-abogados\/#primaryimage"},"image":{"@id":"https:\/\/www.libra-avocats.com\/es\/despacho-de-abogados\/#primaryimage"},"thumbnailUrl":"https:\/\/www.libra-avocats.com\/wp-content\/uploads\/2020\/02\/banner_appartement.jpg","datePublished":"2020-02-12T09:03:27+00:00","dateModified":"2020-08-07T07:51:07+00:00","breadcrumb":{"@id":"https:\/\/www.libra-avocats.com\/es\/despacho-de-abogados\/#breadcrumb"},"inLanguage":"es","potentialAction":[{"@type":"ReadAction","target":["https:\/\/www.libra-avocats.com\/es\/despacho-de-abogados\/"]}]},{"@type":"ImageObject","inLanguage":"es","@id":"https:\/\/www.libra-avocats.com\/es\/despacho-de-abogados\/#primaryimage","url":"https:\/\/www.libra-avocats.com\/wp-content\/uploads\/2020\/02\/banner_appartement.jpg","contentUrl":"https:\/\/www.libra-avocats.com\/wp-content\/uploads\/2020\/02\/banner_appartement.jpg","width":1920,"height":499,"caption":"Despacho de abogados"},{"@type":"BreadcrumbList","@id":"https:\/\/www.libra-avocats.com\/es\/despacho-de-abogados\/#breadcrumb","itemListElement":[{"@type":"ListItem","position":1,"name":"Accueil","item":"https:\/\/www.libra-avocats.com\/es\/"},{"@type":"ListItem","position":2,"name":"Despacho de abogados"}]},{"@type":"WebSite","@id":"https:\/\/www.libra-avocats.com\/es\/#website","url":"https:\/\/www.libra-avocats.com\/es\/","name":"Libra Avocats","description":"Cabinets d&#039;avocats","publisher":{"@id":"https:\/\/www.libra-avocats.com\/es\/#organization"},"potentialAction":[{"@type":"SearchAction","target":{"@type":"EntryPoint","urlTemplate":"https:\/\/www.libra-avocats.com\/es\/?s={search_term_string}"},"query-input":{"@type":"PropertyValueSpecification","valueRequired":true,"valueName":"search_term_string"}}],"inLanguage":"es"},{"@type":"Organization","@id":"https:\/\/www.libra-avocats.com\/es\/#organization","name":"Libra Avocats","url":"https:\/\/www.libra-avocats.com\/es\/","logo":{"@type":"ImageObject","inLanguage":"es","@id":"https:\/\/www.libra-avocats.com\/es\/#\/schema\/logo\/image\/","url":"https:\/\/www.libra-avocats.com\/wp-content\/uploads\/2020\/02\/logo_bottom.png","contentUrl":"https:\/\/www.libra-avocats.com\/wp-content\/uploads\/2020\/02\/logo_bottom.png","width":144,"height":43,"caption":"Libra Avocats"},"image":{"@id":"https:\/\/www.libra-avocats.com\/es\/#\/schema\/logo\/image\/"}}]}},"_links":{"self":[{"href":"https:\/\/www.libra-avocats.com\/es\/wp-json\/wp\/v2\/pages\/432","targetHints":{"allow":["GET"]}}],"collection":[{"href":"https:\/\/www.libra-avocats.com\/es\/wp-json\/wp\/v2\/pages"}],"about":[{"href":"https:\/\/www.libra-avocats.com\/es\/wp-json\/wp\/v2\/types\/page"}],"author":[{"embeddable":true,"href":"https:\/\/www.libra-avocats.com\/es\/wp-json\/wp\/v2\/users\/1"}],"replies":[{"embeddable":true,"href":"https:\/\/www.libra-avocats.com\/es\/wp-json\/wp\/v2\/comments?post=432"}],"version-history":[{"count":10,"href":"https:\/\/www.libra-avocats.com\/es\/wp-json\/wp\/v2\/pages\/432\/revisions"}],"predecessor-version":[{"id":945,"href":"https:\/\/www.libra-avocats.com\/es\/wp-json\/wp\/v2\/pages\/432\/revisions\/945"}],"wp:featuredmedia":[{"embeddable":true,"href":"https:\/\/www.libra-avocats.com\/es\/wp-json\/wp\/v2\/media\/377"}],"wp:attachment":[{"href":"https:\/\/www.libra-avocats.com\/es\/wp-json\/wp\/v2\/media?parent=432"}],"curies":[{"name":"wp","href":"https:\/\/api.w.org\/{rel}","templated":true}]}}