{"id":1132,"date":"2023-11-29T15:29:18","date_gmt":"2023-11-29T14:29:18","guid":{"rendered":"https:\/\/www.libra-avocats.com\/el-equipo\/lara-gobert\/"},"modified":"2023-11-29T15:35:03","modified_gmt":"2023-11-29T14:35:03","slug":"lara-gobert","status":"publish","type":"page","link":"https:\/\/www.libra-avocats.com\/es\/el-equipo\/lara-gobert\/","title":{"rendered":"Lara Gobert"},"content":{"rendered":"\n<p class=\"has-text-align-center accroche\">Abogada<\/p>\n\n<div class=\"wp-block-group button-container\"><div class=\"wp-block-group__inner-container is-layout-flow wp-block-group-is-layout-flow\">\n<div class=\"wp-block-button phone\"><a class=\"wp-block-button__link wp-element-button\" href=\"tel:+33142840707\">Llamar a Lara<\/a><\/div>\n\n\n\n<div class=\"wp-block-button mail\"><a class=\"wp-block-button__link wp-element-button\" href=\"mailto:lgobert@libra-avocats.com\">Escribir a Lara<\/a><\/div>\n<\/div><\/div>\n\n<p>Lara Gobert es licenciada en Derecho privado, especializada en Derecho de los pa\u00edses del <em>Common\u00a0Law<\/em>, y tiene un m\u00e1ster en Derecho penal de los negocios por la Facultad de Derecho de Nancy.<\/p>\n\n<p>Sus conocimientos se consolidaron tras un semestre en la Universidad Jagell\u00f3nica de Cracovia durante sus estudios universitarios. <\/p>\n\n<p>Tras un a\u00f1o de pr\u00e1cticas con un abogado penalista, desarroll\u00f3 sus competencias pr\u00e1cticas, en particular en derecho penal general y derecho penal de la circulaci\u00f3n, antes de ingresar en la Escuela de Abogados de Paris.<\/p>\n\n<p>Lara Gobert tambi\u00e9n tuvo la oportunidad de familiarizarse con el sistema jur\u00eddico luxemburgu\u00e9s y con diversas ramas del Derecho luxemburgu\u00e9s, como el Derecho civil, el Derecho de sociedades y el Derecho p\u00fablico.<\/p>\n\n<p>Lara Gobert se incorpor\u00f3 a Libra Avocats como pasante en julio de 2022 y se convirti\u00f3 en asociada en 2023. Desarroll\u00f3 sus competencias en litigios generales y derecho internacional de familia y sucesiones.<\/p>\n","protected":false},"excerpt":{"rendered":"<p>Abogada Lara Gobert es licenciada en Derecho privado, especializada en Derecho de los pa\u00edses del Common\u00a0Law, y tiene un m\u00e1ster en Derecho penal de los negocios por la Facultad de &#8230;<\/p>\n","protected":false},"author":1,"featured_media":1127,"parent":524,"menu_order":0,"comment_status":"closed","ping_status":"closed","template":"","meta":{"_acf_changed":false,"footnotes":""},"class_list":["post-1132","page","type-page","status-publish","has-post-thumbnail","hentry"],"acf":[],"yoast_head":"<!-- This site is optimized with the Yoast SEO plugin v27.3 - https:\/\/yoast.com\/product\/yoast-seo-wordpress\/ -->\n<title>Lara Gobert - Libra Avocats<\/title>\n<meta name=\"robots\" content=\"index, follow, max-snippet:-1, max-image-preview:large, max-video-preview:-1\" \/>\n<link rel=\"canonical\" href=\"https:\/\/www.libra-avocats.com\/es\/el-equipo\/lara-gobert\/\" \/>\n<meta property=\"og:locale\" content=\"es_ES\" \/>\n<meta property=\"og:type\" content=\"article\" \/>\n<meta property=\"og:title\" content=\"Lara Gobert - Libra Avocats\" \/>\n<meta property=\"og:description\" content=\"Abogada Lara Gobert es licenciada en Derecho privado, especializada en Derecho de los pa\u00edses del Common\u00a0Law, y tiene un m\u00e1ster en Derecho penal de los negocios por la Facultad de ...\" \/>\n<meta property=\"og:url\" content=\"https:\/\/www.libra-avocats.com\/es\/el-equipo\/lara-gobert\/\" \/>\n<meta property=\"og:site_name\" content=\"Libra Avocats\" \/>\n<meta property=\"article:modified_time\" content=\"2023-11-29T14:35:03+00:00\" \/>\n<meta property=\"og:image\" content=\"https:\/\/www.libra-avocats.com\/wp-content\/uploads\/2023\/11\/banner_lara-gobert.jpg\" \/>\n\t<meta property=\"og:image:width\" content=\"1920\" \/>\n\t<meta property=\"og:image:height\" content=\"499\" \/>\n\t<meta property=\"og:image:type\" content=\"image\/jpeg\" \/>\n<meta name=\"twitter:card\" content=\"summary_large_image\" \/>\n<meta name=\"twitter:label1\" content=\"Tiempo de lectura\" \/>\n\t<meta name=\"twitter:data1\" content=\"1 minuto\" \/>\n<script type=\"application\/ld+json\" class=\"yoast-schema-graph\">{\"@context\":\"https:\\\/\\\/schema.org\",\"@graph\":[{\"@type\":\"WebPage\",\"@id\":\"https:\\\/\\\/www.libra-avocats.com\\\/es\\\/el-equipo\\\/lara-gobert\\\/\",\"url\":\"https:\\\/\\\/www.libra-avocats.com\\\/es\\\/el-equipo\\\/lara-gobert\\\/\",\"name\":\"Lara Gobert - Libra Avocats\",\"isPartOf\":{\"@id\":\"https:\\\/\\\/www.libra-avocats.com\\\/es\\\/#website\"},\"primaryImageOfPage\":{\"@id\":\"https:\\\/\\\/www.libra-avocats.com\\\/es\\\/el-equipo\\\/lara-gobert\\\/#primaryimage\"},\"image\":{\"@id\":\"https:\\\/\\\/www.libra-avocats.com\\\/es\\\/el-equipo\\\/lara-gobert\\\/#primaryimage\"},\"thumbnailUrl\":\"https:\\\/\\\/www.libra-avocats.com\\\/wp-content\\\/uploads\\\/2023\\\/11\\\/banner_lara-gobert.jpg\",\"datePublished\":\"2023-11-29T14:29:18+00:00\",\"dateModified\":\"2023-11-29T14:35:03+00:00\",\"breadcrumb\":{\"@id\":\"https:\\\/\\\/www.libra-avocats.com\\\/es\\\/el-equipo\\\/lara-gobert\\\/#breadcrumb\"},\"inLanguage\":\"es\",\"potentialAction\":[{\"@type\":\"ReadAction\",\"target\":[\"https:\\\/\\\/www.libra-avocats.com\\\/es\\\/el-equipo\\\/lara-gobert\\\/\"]}]},{\"@type\":\"ImageObject\",\"inLanguage\":\"es\",\"@id\":\"https:\\\/\\\/www.libra-avocats.com\\\/es\\\/el-equipo\\\/lara-gobert\\\/#primaryimage\",\"url\":\"https:\\\/\\\/www.libra-avocats.com\\\/wp-content\\\/uploads\\\/2023\\\/11\\\/banner_lara-gobert.jpg\",\"contentUrl\":\"https:\\\/\\\/www.libra-avocats.com\\\/wp-content\\\/uploads\\\/2023\\\/11\\\/banner_lara-gobert.jpg\",\"width\":1920,\"height\":499,\"caption\":\"Lara Gobert\"},{\"@type\":\"BreadcrumbList\",\"@id\":\"https:\\\/\\\/www.libra-avocats.com\\\/es\\\/el-equipo\\\/lara-gobert\\\/#breadcrumb\",\"itemListElement\":[{\"@type\":\"ListItem\",\"position\":1,\"name\":\"Accueil\",\"item\":\"https:\\\/\\\/www.libra-avocats.com\\\/es\\\/\"},{\"@type\":\"ListItem\",\"position\":2,\"name\":\"El equipo\",\"item\":\"https:\\\/\\\/www.libra-avocats.com\\\/es\\\/el-equipo\\\/\"},{\"@type\":\"ListItem\",\"position\":3,\"name\":\"Lara Gobert\"}]},{\"@type\":\"WebSite\",\"@id\":\"https:\\\/\\\/www.libra-avocats.com\\\/es\\\/#website\",\"url\":\"https:\\\/\\\/www.libra-avocats.com\\\/es\\\/\",\"name\":\"Libra Avocats\",\"description\":\"Cabinets d&#039;avocats\",\"publisher\":{\"@id\":\"https:\\\/\\\/www.libra-avocats.com\\\/es\\\/#organization\"},\"potentialAction\":[{\"@type\":\"SearchAction\",\"target\":{\"@type\":\"EntryPoint\",\"urlTemplate\":\"https:\\\/\\\/www.libra-avocats.com\\\/es\\\/?s={search_term_string}\"},\"query-input\":{\"@type\":\"PropertyValueSpecification\",\"valueRequired\":true,\"valueName\":\"search_term_string\"}}],\"inLanguage\":\"es\"},{\"@type\":\"Organization\",\"@id\":\"https:\\\/\\\/www.libra-avocats.com\\\/es\\\/#organization\",\"name\":\"Libra Avocats\",\"url\":\"https:\\\/\\\/www.libra-avocats.com\\\/es\\\/\",\"logo\":{\"@type\":\"ImageObject\",\"inLanguage\":\"es\",\"@id\":\"https:\\\/\\\/www.libra-avocats.com\\\/es\\\/#\\\/schema\\\/logo\\\/image\\\/\",\"url\":\"https:\\\/\\\/www.libra-avocats.com\\\/wp-content\\\/uploads\\\/2020\\\/02\\\/logo_bottom.png\",\"contentUrl\":\"https:\\\/\\\/www.libra-avocats.com\\\/wp-content\\\/uploads\\\/2020\\\/02\\\/logo_bottom.png\",\"width\":144,\"height\":43,\"caption\":\"Libra Avocats\"},\"image\":{\"@id\":\"https:\\\/\\\/www.libra-avocats.com\\\/es\\\/#\\\/schema\\\/logo\\\/image\\\/\"}}]}<\/script>\n<!-- \/ Yoast SEO plugin. -->","yoast_head_json":{"title":"Lara Gobert - Libra Avocats","robots":{"index":"index","follow":"follow","max-snippet":"max-snippet:-1","max-image-preview":"max-image-preview:large","max-video-preview":"max-video-preview:-1"},"canonical":"https:\/\/www.libra-avocats.com\/es\/el-equipo\/lara-gobert\/","og_locale":"es_ES","og_type":"article","og_title":"Lara Gobert - Libra Avocats","og_description":"Abogada Lara Gobert es licenciada en Derecho privado, especializada en Derecho de los pa\u00edses del Common\u00a0Law, y tiene un m\u00e1ster en Derecho penal de los negocios por la Facultad de ...","og_url":"https:\/\/www.libra-avocats.com\/es\/el-equipo\/lara-gobert\/","og_site_name":"Libra Avocats","article_modified_time":"2023-11-29T14:35:03+00:00","og_image":[{"width":1920,"height":499,"url":"https:\/\/www.libra-avocats.com\/wp-content\/uploads\/2023\/11\/banner_lara-gobert.jpg","type":"image\/jpeg"}],"twitter_card":"summary_large_image","twitter_misc":{"Tiempo de lectura":"1 minuto"},"schema":{"@context":"https:\/\/schema.org","@graph":[{"@type":"WebPage","@id":"https:\/\/www.libra-avocats.com\/es\/el-equipo\/lara-gobert\/","url":"https:\/\/www.libra-avocats.com\/es\/el-equipo\/lara-gobert\/","name":"Lara Gobert - Libra Avocats","isPartOf":{"@id":"https:\/\/www.libra-avocats.com\/es\/#website"},"primaryImageOfPage":{"@id":"https:\/\/www.libra-avocats.com\/es\/el-equipo\/lara-gobert\/#primaryimage"},"image":{"@id":"https:\/\/www.libra-avocats.com\/es\/el-equipo\/lara-gobert\/#primaryimage"},"thumbnailUrl":"https:\/\/www.libra-avocats.com\/wp-content\/uploads\/2023\/11\/banner_lara-gobert.jpg","datePublished":"2023-11-29T14:29:18+00:00","dateModified":"2023-11-29T14:35:03+00:00","breadcrumb":{"@id":"https:\/\/www.libra-avocats.com\/es\/el-equipo\/lara-gobert\/#breadcrumb"},"inLanguage":"es","potentialAction":[{"@type":"ReadAction","target":["https:\/\/www.libra-avocats.com\/es\/el-equipo\/lara-gobert\/"]}]},{"@type":"ImageObject","inLanguage":"es","@id":"https:\/\/www.libra-avocats.com\/es\/el-equipo\/lara-gobert\/#primaryimage","url":"https:\/\/www.libra-avocats.com\/wp-content\/uploads\/2023\/11\/banner_lara-gobert.jpg","contentUrl":"https:\/\/www.libra-avocats.com\/wp-content\/uploads\/2023\/11\/banner_lara-gobert.jpg","width":1920,"height":499,"caption":"Lara Gobert"},{"@type":"BreadcrumbList","@id":"https:\/\/www.libra-avocats.com\/es\/el-equipo\/lara-gobert\/#breadcrumb","itemListElement":[{"@type":"ListItem","position":1,"name":"Accueil","item":"https:\/\/www.libra-avocats.com\/es\/"},{"@type":"ListItem","position":2,"name":"El equipo","item":"https:\/\/www.libra-avocats.com\/es\/el-equipo\/"},{"@type":"ListItem","position":3,"name":"Lara Gobert"}]},{"@type":"WebSite","@id":"https:\/\/www.libra-avocats.com\/es\/#website","url":"https:\/\/www.libra-avocats.com\/es\/","name":"Libra Avocats","description":"Cabinets d&#039;avocats","publisher":{"@id":"https:\/\/www.libra-avocats.com\/es\/#organization"},"potentialAction":[{"@type":"SearchAction","target":{"@type":"EntryPoint","urlTemplate":"https:\/\/www.libra-avocats.com\/es\/?s={search_term_string}"},"query-input":{"@type":"PropertyValueSpecification","valueRequired":true,"valueName":"search_term_string"}}],"inLanguage":"es"},{"@type":"Organization","@id":"https:\/\/www.libra-avocats.com\/es\/#organization","name":"Libra Avocats","url":"https:\/\/www.libra-avocats.com\/es\/","logo":{"@type":"ImageObject","inLanguage":"es","@id":"https:\/\/www.libra-avocats.com\/es\/#\/schema\/logo\/image\/","url":"https:\/\/www.libra-avocats.com\/wp-content\/uploads\/2020\/02\/logo_bottom.png","contentUrl":"https:\/\/www.libra-avocats.com\/wp-content\/uploads\/2020\/02\/logo_bottom.png","width":144,"height":43,"caption":"Libra Avocats"},"image":{"@id":"https:\/\/www.libra-avocats.com\/es\/#\/schema\/logo\/image\/"}}]}},"_links":{"self":[{"href":"https:\/\/www.libra-avocats.com\/es\/wp-json\/wp\/v2\/pages\/1132","targetHints":{"allow":["GET"]}}],"collection":[{"href":"https:\/\/www.libra-avocats.com\/es\/wp-json\/wp\/v2\/pages"}],"about":[{"href":"https:\/\/www.libra-avocats.com\/es\/wp-json\/wp\/v2\/types\/page"}],"author":[{"embeddable":true,"href":"https:\/\/www.libra-avocats.com\/es\/wp-json\/wp\/v2\/users\/1"}],"replies":[{"embeddable":true,"href":"https:\/\/www.libra-avocats.com\/es\/wp-json\/wp\/v2\/comments?post=1132"}],"version-history":[{"count":2,"href":"https:\/\/www.libra-avocats.com\/es\/wp-json\/wp\/v2\/pages\/1132\/revisions"}],"predecessor-version":[{"id":1136,"href":"https:\/\/www.libra-avocats.com\/es\/wp-json\/wp\/v2\/pages\/1132\/revisions\/1136"}],"up":[{"embeddable":true,"href":"https:\/\/www.libra-avocats.com\/es\/wp-json\/wp\/v2\/pages\/524"}],"wp:featuredmedia":[{"embeddable":true,"href":"https:\/\/www.libra-avocats.com\/es\/wp-json\/wp\/v2\/media\/1127"}],"wp:attachment":[{"href":"https:\/\/www.libra-avocats.com\/es\/wp-json\/wp\/v2\/media?parent=1132"}],"curies":[{"name":"wp","href":"https:\/\/api.w.org\/{rel}","templated":true}]}}